{"id":11315,"date":"2024-03-15T11:54:25","date_gmt":"2024-03-15T11:54:25","guid":{"rendered":"https:\/\/rpower.solar\/ppa\/about-ppa\/"},"modified":"2025-04-22T10:38:16","modified_gmt":"2025-04-22T10:38:16","slug":"despre-ppa","status":"publish","type":"page","link":"https:\/\/rpower.energy\/ro\/ppa\/despre-ppa\/","title":{"rendered":"Despre PPAs"},"content":{"rendered":"<ul class=\"list\">\n<li><strong>Un Acord de Achizi\u021bie de Energie (PPA)<\/strong> este un contract \u00eentre un produc\u0103tor de electricitate (v\u00e2nz\u0103tor) \u0219i un consumator de energie (cump\u0103r\u0103tor). Contractul define\u0219te condi\u021biile pentru achizi\u021bionarea de energie din surse regenerabile, inclusiv pre\u021bul, cantitatea \u0219i durata.<\/li>\n<li><strong>PPAs<\/strong>sunt de obicei pe termen lung, de regul\u0103 dureaz\u0103 10 ani sau mai mult, ceea ce este esen\u021bial pentru produc\u0103tor, deoarece permite finan\u021barea de noi proiecte de energie regenerabil\u0103.<\/li>\n<li>Pentru consumator, principalul avantaj al unui <strong>PPA<\/strong> este garan\u021bia stabilit\u0103\u021bii pre\u021bului energiei, ceea ce duce adesea la reducerea costurilor. \u00cen cazul achizi\u021biilor de energie solar\u0103, consumatorii pot realiza o optimizare semnificativ\u0103 a costurilor datorit\u0103 costului redus al acestei tehnologii. \u00cen plus, centralele solare ofer\u0103 volatilitate redus\u0103 \u0219i predictibilitate \u00een volumele de produc\u021bie a energiei. <\/li>\n<\/ul>\n<p>Un beneficiu suplimentar important al unui <strong>PPA<\/strong> este rolul s\u0103u \u00een cre\u0219terea ponderii energiei regenerabile \u00een mixul energetic na\u021bional, contribuind la un viitor energetic mai sustenabil \u0219i mai curat.<\/p>\n<h3 class=\"green\">Tipuri de PPA<\/h3>\n<div>\n<p><strong class=\"green\">PPA Fizic Off-site<\/strong><\/p>\n<div style=\"text-align: center;\"><img loading=\"lazy\" decoding=\"async\" class=\"wp-image-11422 aligncenter\" src=\"https:\/\/rpower.energy\/app\/uploads\/2024\/03\/Rpower-schemat-3.jpg\" alt=\"\" width=\"299\" height=\"237\" \/><\/div>\n<ul class=\"list\" style=\"padding-top: 10px;\">\n<li>Acest tip de PPA poate fi \u00eencheiat fie cu un consumator final care achizi\u021bioneaz\u0103 electricitate pentru propriile nevoi, fie cu o companie de energie implicat\u0103 \u00een comer\u021bul cu electricitate.<\/li>\n<ul class=\"list\" style=\"padding-top: 10px;\">\n<li>\u00cen primul caz, consumatorul final beneficiaz\u0103 direct de energia generat\u0103 de instala\u021bia de energie regenerabil\u0103.<\/li>\n<li>\u00cen al doilea caz, compania comercial\u0103 ac\u021bioneaz\u0103 ca intermediar, cump\u0103r\u00e2nd energie de la produc\u0103tor \u0219i furniz\u00e2nd-o clien\u021bilor corporativi dedica\u021bi. <\/li>\n<\/ul>\n<\/ul>\n<p>C\u00e2nd produc\u0103torul de energie livreaz\u0103 energie consumatorului prin re\u021beaua public\u0103 de electricitate, este necesar\u0103 o reglare suplimentar\u0103 prin grupuri de echilibrare at\u00e2t pentru centrala electric\u0103, c\u00e2t \u0219i pentru consumator. Grupurile de echilibrare sunt structuri opera\u021bionale \u00een cadrul sistemului electric care ajut\u0103 la echilibrarea produc\u021biei \u0219i consumului de energie. <\/p>\n<p>Prin acest mecanism:<\/p>\n<ul class=\"list\">\n<li>Centrala electric\u0103 (produc\u0103tor de energie regenerabil\u0103) intr\u0103 \u00eentr-un grup de echilibrare responsabil pentru furnizarea de energie \u00een re\u021bea.<\/li>\n<li>Consumatorul de energie intr\u0103 \u00een propriul s\u0103u grup de echilibrare, care gestioneaz\u0103 consumul de energie din re\u021bea.<\/li>\n<\/ul>\n<p>Acest sistem permite o gestionare eficient\u0103 a fluxului de energie, iar orice diferen\u021be \u00eentre consumul \u0219i produc\u021bia de energie prognozate \u0219i reale sunt reglate la nivelul grupurilor de echilibrare.<\/p>\n<ul class=\"list\">\n<li>Pe baza PPA Off-site, consumatorul pl\u0103te\u0219te pentru energia \u0219i garan\u021biile de origine furnizate de produc\u0103tor.<\/li>\n<li>Pl\u0103\u021bile \u00een cadrul acestor acorduri PPA sunt calculate ca pre\u021bul \u00eenmul\u021bit cu volumul de energie livrat lunar.<\/li>\n<\/ul>\n<\/div>\n<div>\n<p><strong class=\"green\">PPA Financiar Off-site (PPA Virtual)<\/strong><\/p>\n<div style=\"text-align: center;\"><img loading=\"lazy\" decoding=\"async\" class=\"wp-image-11429 aligncenter\" src=\"https:\/\/rpower.energy\/app\/uploads\/2024\/03\/Rpower-schemat-2.jpg\" alt=\"\" width=\"299\" height=\"237\" \/><\/div>\n<p>\u00cen acest model de PPA, cunoscut ca <strong>vPPA<\/strong> (Virtual Power Purchase Agreement), nu exist\u0103 v\u00e2nzare fizic\u0103 de electricitate \u00eentre produc\u0103tor \u0219i consumator. Este un acord financiar bazat exclusiv pe decontarea monetar\u0103 a diferen\u021bei \u00eentre pre\u021bul energiei din PPA \u0219i pre\u021bul s\u0103u de pia\u021b\u0103 spot pentru o anumit\u0103 zi sau or\u0103. <\/p>\n<p>\u00cen acest model:<\/p>\n<ul class=\"list\">\n<li><strong>Produc\u0103torul de energie<\/strong> vinde energie pe pia\u021b\u0103, de exemplu, c\u0103tre o companie comercial\u0103.<\/li>\n<li><strong>Consumatorul<\/strong> achizi\u021bioneaz\u0103 energie pe pia\u021b\u0103 de la o companie comercial\u0103 la alegerea sa.<\/li>\n<li>Decontarea financiar\u0103 a diferen\u021bei de pre\u021b asigur\u0103 at\u00e2t produc\u0103torului, c\u00e2t \u0219i consumatorului, protec\u021bie \u00eempotriva fluctua\u021biilor pre\u021burilor energiei electrice de pe pia\u021b\u0103.<\/li>\n<li>Produc\u0103torul furnizeaz\u0103 consumatorului garan\u021bii de origine pentru energia regenerabil\u0103 corespunz\u0103toare cantit\u0103\u021bii de energie supuse decont\u0103rii diferen\u021bei de pre\u021b, asigur\u00e2nd c\u0103 vPPA sprijin\u0103 generarea acestei energii la o surs\u0103 cu zero emisii (o instala\u021bie de energie regenerabil\u0103 astfel atribuit\u0103 acestui consumator).<\/li>\n<\/ul>\n<p>Decontarea diferen\u021bei de pre\u021b \u00eenseamn\u0103 c\u0103, dac\u0103 pre\u021bul de pia\u021b\u0103 al energiei este mai mare dec\u00e2t pre\u021bul convenit \u00een contract, produc\u0103torul pl\u0103te\u0219te consumatorului diferen\u021ba, iar dac\u0103 pre\u021bul de pia\u021b\u0103 este mai mic, consumatorul pl\u0103te\u0219te diferen\u021ba produc\u0103torului. Acest mecanism func\u021bioneaz\u0103 ca protec\u021bie \u00eempotriva fluctua\u021biilor de pre\u021b pe pia\u021ba energiei.\n<\/p><\/div>\n<div>\n<p><strong class=\"green\">PPA On-site<\/strong><\/p>\n<div style=\"text-align: center;\"><img loading=\"lazy\" decoding=\"async\" class=\"wp-image-11436 aligncenter\" src=\"https:\/\/rpower.energy\/app\/uploads\/2024\/03\/Rpower-schemat-1.jpg\" alt=\"\" width=\"363\" height=\"126\" \/><\/div>\n<ul class=\"list\" style=\"padding-top: 80px;\">\n<li>Consumatorul semneaz\u0103 un acord cu un produc\u0103tor care construie\u0219te o instala\u021bie de energie regenerabil\u0103 conectat\u0103 direct la cl\u0103dirile consumatorului.<\/li>\n<li>Pre\u021bul PPA On-site este determinat de ambele p\u0103r\u021bi \u00een contract.<\/li>\n<li>Energia v\u00e2ndut\u0103 conform unui PPA On-site este furnizat\u0103 f\u0103r\u0103 utilizarea re\u021belei electrice.<\/li>\n<\/ul>\n<\/div>\n<h3 class=\"green\">Volumul PPA<\/h3>\n<div class=\"flex columns\">\n<div style=\"width: 50%;\">\n<ul class=\"list\">\n<li>R.Power utilizeaz\u0103 cele mai bune module fotovoltaice de pe pia\u021b\u0103. Tehnologia actual\u0103 necesit\u0103 o estimare a degrad\u0103rii anuale a eficien\u021bei modulelor fotovoltaice, calculat\u0103 la 0,4% din produc\u021bia anual\u0103.<\/li>\n<li>Formula <strong>pay-as-produced<\/strong> \u00eenseamn\u0103 c\u0103 consumatorul este de acord s\u0103 achizi\u021bioneze \u00eentreaga produc\u021bie anual\u0103 de energie conform PPA.<\/li>\n<li>Formula pay-as-produced permite consumatorului s\u0103 primeasc\u0103 Garan\u021bii de Origine echivalente energiei produse.<\/li>\n<li>\u00cenainte de a \u00eencheia un PPA, consumatorul ar trebui s\u0103 estimeze necesarul s\u0103u de energie. Echipa noastr\u0103 de exper\u021bi asist\u0103 clien\u021bii cu aceste calcule.<\/li>\n<\/ul>\n<\/div>\n<div style=\"width: 50%;\"><img loading=\"lazy\" decoding=\"async\" class=\"aligncenter wp-image-11462 size-full\" src=\"https:\/\/rpower.energy\/app\/uploads\/2025\/04\/Zasob-8.png\" alt=\"\" width=\"1398\" height=\"795\" \/><\/div>\n<\/div>\n<h3 class=\"green\">Contractul pentru Diferen\u021b\u0103 utilizat \u00een PPA Financiar<\/h3>\n<div class=\"flex columns\">\n<div style=\"width: 50%;\"><img loading=\"lazy\" decoding=\"async\" class=\"aligncenter wp-image-11469 size-full\" src=\"https:\/\/rpower.energy\/app\/uploads\/2025\/04\/Zasob-9.png\" alt=\"\" width=\"1326\" height=\"739\" \/><\/div>\n<div style=\"width: 50%;\">\n<ul class=\"list\">\n<li>Conform unui PPA financiar, pre\u021bul de pia\u021b\u0103 (MP) este determinat lunar pentru perioade specifice de decontare.<\/li>\n<li>Dac\u0103 MP \u00eentr-o anumit\u0103 perioad\u0103 de decontare este mai mare dec\u00e2t pre\u021bul PPA, produc\u0103torul de energie pl\u0103te\u0219te consumatorului diferen\u021ba de pre\u021b [SA+].<\/li>\n<li>Dac\u0103 MP este mai mic dec\u00e2t pre\u021bul PPA, consumatorul pl\u0103te\u0219te produc\u0103torului diferen\u021ba de pre\u021b [SA-].<\/li>\n<\/ul>\n<\/div>\n<\/div>\n","protected":false},"excerpt":{"rendered":"<p>Un Acord de Achizi\u021bie de Energie (PPA) este un contract \u00eentre un produc\u0103tor de electricitate (v\u00e2nz\u0103tor) \u0219i un consumator de energie (cump\u0103r\u0103tor). Contractul define\u0219te condi\u021biile pentru achizi\u021bionarea de energie din surse regenerabile, inclusiv pre\u021bul, cantitatea \u0219i durata. PPAssunt de obicei pe termen lung, de regul\u0103 dureaz\u0103 10 ani sau mai mult, ceea ce este esen\u021bial &hellip; <a href=\"https:\/\/rpower.energy\/ro\/ppa\/despre-ppa\/\">Continued<\/a><\/p>\n","protected":false},"author":10,"featured_media":0,"parent":11306,"menu_order":0,"comment_status":"closed","ping_status":"closed","template":"views\/template-ppa.blade.php","meta":{"_acf_changed":false,"footnotes":""},"class_list":["post-11315","page","type-page","status-publish","hentry"],"acf":[],"yoast_head":"<!-- This site is optimized with the Yoast SEO plugin v27.3 - https:\/\/yoast.com\/product\/yoast-seo-wordpress\/ -->\n<title>Despre PPAs - R.Power Renewables<\/title>\n<meta name=\"robots\" content=\"index, follow, max-snippet:-1, max-image-preview:large, max-video-preview:-1\" \/>\n<link rel=\"canonical\" href=\"https:\/\/rpower.energy\/ro\/ppa\/despre-ppa\/\" \/>\n<meta property=\"og:locale\" content=\"ro_RO\" \/>\n<meta property=\"og:type\" content=\"article\" \/>\n<meta property=\"og:title\" content=\"Despre PPAs - R.Power Renewables\" \/>\n<meta property=\"og:description\" content=\"Un Acord de Achizi\u021bie de Energie (PPA) este un contract \u00eentre un produc\u0103tor de electricitate (v\u00e2nz\u0103tor) \u0219i un consumator de energie (cump\u0103r\u0103tor). Contractul define\u0219te condi\u021biile pentru achizi\u021bionarea de energie din surse regenerabile, inclusiv pre\u021bul, cantitatea \u0219i durata. PPAssunt de obicei pe termen lung, de regul\u0103 dureaz\u0103 10 ani sau mai mult, ceea ce este esen\u021bial &hellip; Continued\" \/>\n<meta property=\"og:url\" content=\"https:\/\/rpower.energy\/ro\/ppa\/despre-ppa\/\" \/>\n<meta property=\"og:site_name\" content=\"R.Power Renewables\" \/>\n<meta property=\"article:modified_time\" content=\"2025-04-22T10:38:16+00:00\" \/>\n<meta property=\"og:image\" content=\"https:\/\/rpower.energy\/app\/uploads\/2024\/03\/Rpower-schemat-3.jpg\" \/>\n<meta name=\"twitter:card\" content=\"summary_large_image\" \/>\n<meta name=\"twitter:label1\" content=\"Est. reading time\" \/>\n\t<meta name=\"twitter:data1\" content=\"6 minutes\" \/>\n<script type=\"application\/ld+json\" class=\"yoast-schema-graph\">{\"@context\":\"https:\\\/\\\/schema.org\",\"@graph\":[{\"@type\":\"WebPage\",\"@id\":\"https:\\\/\\\/rpower.energy\\\/ro\\\/ppa\\\/despre-ppa\\\/\",\"url\":\"https:\\\/\\\/rpower.energy\\\/ro\\\/ppa\\\/despre-ppa\\\/\",\"name\":\"Despre PPAs - R.Power Renewables\",\"isPartOf\":{\"@id\":\"https:\\\/\\\/rpower.energy\\\/ro\\\/#website\"},\"primaryImageOfPage\":{\"@id\":\"https:\\\/\\\/rpower.energy\\\/ro\\\/ppa\\\/despre-ppa\\\/#primaryimage\"},\"image\":{\"@id\":\"https:\\\/\\\/rpower.energy\\\/ro\\\/ppa\\\/despre-ppa\\\/#primaryimage\"},\"thumbnailUrl\":\"https:\\\/\\\/rpower.energy\\\/app\\\/uploads\\\/2024\\\/03\\\/Rpower-schemat-3.jpg\",\"datePublished\":\"2024-03-15T11:54:25+00:00\",\"dateModified\":\"2025-04-22T10:38:16+00:00\",\"breadcrumb\":{\"@id\":\"https:\\\/\\\/rpower.energy\\\/ro\\\/ppa\\\/despre-ppa\\\/#breadcrumb\"},\"inLanguage\":\"ro-RO\",\"potentialAction\":[{\"@type\":\"ReadAction\",\"target\":[\"https:\\\/\\\/rpower.energy\\\/ro\\\/ppa\\\/despre-ppa\\\/\"]}]},{\"@type\":\"ImageObject\",\"inLanguage\":\"ro-RO\",\"@id\":\"https:\\\/\\\/rpower.energy\\\/ro\\\/ppa\\\/despre-ppa\\\/#primaryimage\",\"url\":\"https:\\\/\\\/rpower.energy\\\/app\\\/uploads\\\/2024\\\/03\\\/Rpower-schemat-3.jpg\",\"contentUrl\":\"https:\\\/\\\/rpower.energy\\\/app\\\/uploads\\\/2024\\\/03\\\/Rpower-schemat-3.jpg\"},{\"@type\":\"BreadcrumbList\",\"@id\":\"https:\\\/\\\/rpower.energy\\\/ro\\\/ppa\\\/despre-ppa\\\/#breadcrumb\",\"itemListElement\":[{\"@type\":\"ListItem\",\"position\":1,\"name\":\"Home\",\"item\":\"https:\\\/\\\/rpower.energy\\\/ro\\\/\"},{\"@type\":\"ListItem\",\"position\":2,\"name\":\"PPA\",\"item\":\"https:\\\/\\\/rpower.energy\\\/ro\\\/ppa\\\/\"},{\"@type\":\"ListItem\",\"position\":3,\"name\":\"Despre PPAs\"}]},{\"@type\":\"WebSite\",\"@id\":\"https:\\\/\\\/rpower.energy\\\/ro\\\/#website\",\"url\":\"https:\\\/\\\/rpower.energy\\\/ro\\\/\",\"name\":\"R.Power Renewables\",\"description\":\"The future of energy today.\",\"publisher\":{\"@id\":\"https:\\\/\\\/rpower.energy\\\/ro\\\/#organization\"},\"potentialAction\":[{\"@type\":\"SearchAction\",\"target\":{\"@type\":\"EntryPoint\",\"urlTemplate\":\"https:\\\/\\\/rpower.energy\\\/ro\\\/?s={search_term_string}\"},\"query-input\":{\"@type\":\"PropertyValueSpecification\",\"valueRequired\":true,\"valueName\":\"search_term_string\"}}],\"inLanguage\":\"ro-RO\"},{\"@type\":\"Organization\",\"@id\":\"https:\\\/\\\/rpower.energy\\\/ro\\\/#organization\",\"name\":\"R.Power Renewables\",\"url\":\"https:\\\/\\\/rpower.energy\\\/ro\\\/\",\"logo\":{\"@type\":\"ImageObject\",\"inLanguage\":\"ro-RO\",\"@id\":\"https:\\\/\\\/rpower.energy\\\/ro\\\/#\\\/schema\\\/logo\\\/image\\\/\",\"url\":\"https:\\\/\\\/rpower.energy\\\/app\\\/uploads\\\/2021\\\/04\\\/favicon.png\",\"contentUrl\":\"https:\\\/\\\/rpower.energy\\\/app\\\/uploads\\\/2021\\\/04\\\/favicon.png\",\"width\":512,\"height\":512,\"caption\":\"R.Power Renewables\"},\"image\":{\"@id\":\"https:\\\/\\\/rpower.energy\\\/ro\\\/#\\\/schema\\\/logo\\\/image\\\/\"},\"sameAs\":[\"https:\\\/\\\/pl.linkedin.com\\\/company\\\/r-power-polska\"]}]}<\/script>\n<!-- \/ Yoast SEO plugin. -->","yoast_head_json":{"title":"Despre PPAs - R.Power Renewables","robots":{"index":"index","follow":"follow","max-snippet":"max-snippet:-1","max-image-preview":"max-image-preview:large","max-video-preview":"max-video-preview:-1"},"canonical":"https:\/\/rpower.energy\/ro\/ppa\/despre-ppa\/","og_locale":"ro_RO","og_type":"article","og_title":"Despre PPAs - R.Power Renewables","og_description":"Un Acord de Achizi\u021bie de Energie (PPA) este un contract \u00eentre un produc\u0103tor de electricitate (v\u00e2nz\u0103tor) \u0219i un consumator de energie (cump\u0103r\u0103tor). Contractul define\u0219te condi\u021biile pentru achizi\u021bionarea de energie din surse regenerabile, inclusiv pre\u021bul, cantitatea \u0219i durata. PPAssunt de obicei pe termen lung, de regul\u0103 dureaz\u0103 10 ani sau mai mult, ceea ce este esen\u021bial &hellip; Continued","og_url":"https:\/\/rpower.energy\/ro\/ppa\/despre-ppa\/","og_site_name":"R.Power Renewables","article_modified_time":"2025-04-22T10:38:16+00:00","og_image":[{"url":"https:\/\/rpower.energy\/app\/uploads\/2024\/03\/Rpower-schemat-3.jpg","type":"","width":"","height":""}],"twitter_card":"summary_large_image","twitter_misc":{"Est. reading time":"6 minutes"},"schema":{"@context":"https:\/\/schema.org","@graph":[{"@type":"WebPage","@id":"https:\/\/rpower.energy\/ro\/ppa\/despre-ppa\/","url":"https:\/\/rpower.energy\/ro\/ppa\/despre-ppa\/","name":"Despre PPAs - R.Power Renewables","isPartOf":{"@id":"https:\/\/rpower.energy\/ro\/#website"},"primaryImageOfPage":{"@id":"https:\/\/rpower.energy\/ro\/ppa\/despre-ppa\/#primaryimage"},"image":{"@id":"https:\/\/rpower.energy\/ro\/ppa\/despre-ppa\/#primaryimage"},"thumbnailUrl":"https:\/\/rpower.energy\/app\/uploads\/2024\/03\/Rpower-schemat-3.jpg","datePublished":"2024-03-15T11:54:25+00:00","dateModified":"2025-04-22T10:38:16+00:00","breadcrumb":{"@id":"https:\/\/rpower.energy\/ro\/ppa\/despre-ppa\/#breadcrumb"},"inLanguage":"ro-RO","potentialAction":[{"@type":"ReadAction","target":["https:\/\/rpower.energy\/ro\/ppa\/despre-ppa\/"]}]},{"@type":"ImageObject","inLanguage":"ro-RO","@id":"https:\/\/rpower.energy\/ro\/ppa\/despre-ppa\/#primaryimage","url":"https:\/\/rpower.energy\/app\/uploads\/2024\/03\/Rpower-schemat-3.jpg","contentUrl":"https:\/\/rpower.energy\/app\/uploads\/2024\/03\/Rpower-schemat-3.jpg"},{"@type":"BreadcrumbList","@id":"https:\/\/rpower.energy\/ro\/ppa\/despre-ppa\/#breadcrumb","itemListElement":[{"@type":"ListItem","position":1,"name":"Home","item":"https:\/\/rpower.energy\/ro\/"},{"@type":"ListItem","position":2,"name":"PPA","item":"https:\/\/rpower.energy\/ro\/ppa\/"},{"@type":"ListItem","position":3,"name":"Despre PPAs"}]},{"@type":"WebSite","@id":"https:\/\/rpower.energy\/ro\/#website","url":"https:\/\/rpower.energy\/ro\/","name":"R.Power Renewables","description":"The future of energy today.","publisher":{"@id":"https:\/\/rpower.energy\/ro\/#organization"},"potentialAction":[{"@type":"SearchAction","target":{"@type":"EntryPoint","urlTemplate":"https:\/\/rpower.energy\/ro\/?s={search_term_string}"},"query-input":{"@type":"PropertyValueSpecification","valueRequired":true,"valueName":"search_term_string"}}],"inLanguage":"ro-RO"},{"@type":"Organization","@id":"https:\/\/rpower.energy\/ro\/#organization","name":"R.Power Renewables","url":"https:\/\/rpower.energy\/ro\/","logo":{"@type":"ImageObject","inLanguage":"ro-RO","@id":"https:\/\/rpower.energy\/ro\/#\/schema\/logo\/image\/","url":"https:\/\/rpower.energy\/app\/uploads\/2021\/04\/favicon.png","contentUrl":"https:\/\/rpower.energy\/app\/uploads\/2021\/04\/favicon.png","width":512,"height":512,"caption":"R.Power Renewables"},"image":{"@id":"https:\/\/rpower.energy\/ro\/#\/schema\/logo\/image\/"},"sameAs":["https:\/\/pl.linkedin.com\/company\/r-power-polska"]}]}},"_links":{"self":[{"href":"https:\/\/rpower.energy\/ro\/wp-json\/wp\/v2\/pages\/11315","targetHints":{"allow":["GET"]}}],"collection":[{"href":"https:\/\/rpower.energy\/ro\/wp-json\/wp\/v2\/pages"}],"about":[{"href":"https:\/\/rpower.energy\/ro\/wp-json\/wp\/v2\/types\/page"}],"author":[{"embeddable":true,"href":"https:\/\/rpower.energy\/ro\/wp-json\/wp\/v2\/users\/10"}],"replies":[{"embeddable":true,"href":"https:\/\/rpower.energy\/ro\/wp-json\/wp\/v2\/comments?post=11315"}],"version-history":[{"count":5,"href":"https:\/\/rpower.energy\/ro\/wp-json\/wp\/v2\/pages\/11315\/revisions"}],"predecessor-version":[{"id":13287,"href":"https:\/\/rpower.energy\/ro\/wp-json\/wp\/v2\/pages\/11315\/revisions\/13287"}],"up":[{"embeddable":true,"href":"https:\/\/rpower.energy\/ro\/wp-json\/wp\/v2\/pages\/11306"}],"wp:attachment":[{"href":"https:\/\/rpower.energy\/ro\/wp-json\/wp\/v2\/media?parent=11315"}],"curies":[{"name":"wp","href":"https:\/\/api.w.org\/{rel}","templated":true}]}}