{"id":11314,"date":"2024-03-15T11:54:25","date_gmt":"2024-03-15T11:54:25","guid":{"rendered":"https:\/\/rpower.solar\/ppa\/about-ppa\/"},"modified":"2025-04-22T10:37:30","modified_gmt":"2025-04-22T10:37:30","slug":"sobre-os-ppas","status":"publish","type":"page","link":"https:\/\/rpower.energy\/pt-pt\/ppa\/sobre-os-ppas\/","title":{"rendered":"Sobre os PPAs"},"content":{"rendered":"<ul class=\"list\">\n<li>Um <strong>Acordo de Compra de Energia (PPA)<\/strong> \u00e9 um contrato entre um produtor de eletricidade (vendedor) e um consumidor de energia (comprador). O contrato define as condi\u00e7\u00f5es para a compra de energia de fontes renov\u00e1veis, incluindo pre\u00e7o, quantidade e dura\u00e7\u00e3o.<\/li>\n<li>Os <strong>PPAs<\/strong> geralmente s\u00e3o de longo prazo, com dura\u00e7\u00e3o normalmente de 10 anos ou mais, o que \u00e9 crucial para o produtor, pois possibilita o financiamento de novos projetos de energia renov\u00e1vel.<\/li>\n<li>Para o consumidor, a principal vantagem de um <strong>PPA<\/strong> \u00e9 a garantia de estabilidade no pre\u00e7o da energia, o que muitas vezes leva \u00e0 redu\u00e7\u00e3o de custos. No caso de compras de energia solar, os consumidores podem obter uma otimiza\u00e7\u00e3o significativa de custos devido ao baixo custo dessa tecnologia. Al\u00e9m disso, as usinas solares oferecem baixa volatilidade e previsibilidade nos volumes de produ\u00e7\u00e3o de energia.<\/li>\n<\/ul>\n<p>Outro benef\u00edcio importante de um <strong>PPA<\/strong> \u00e9 seu papel no aumento da participa\u00e7\u00e3o de fontes renov\u00e1veis na matriz energ\u00e9tica nacional, contribuindo para um futuro energ\u00e9tico mais sustent\u00e1vel e limpo.<\/p>\n<h3 class=\"green\">Tipos de PPA<\/h3>\n<div>\n<p><strong class=\"green\">PPA F\u00edsico Fora do Local (Off-site Physical PPA)<\/strong><\/p>\n<div style=\"text-align: center;\"><img loading=\"lazy\" decoding=\"async\" class=\"wp-image-11422 aligncenter\" src=\"https:\/\/rpower.energy\/app\/uploads\/2024\/03\/Rpower-schemat-3.jpg\" alt=\"\" width=\"299\" height=\"237\" \/><\/div>\n<ul class=\"list\" style=\"padding-top: 10px;\">\n<li>Este tipo de PPA pode ser celebrado com um consumidor final que adquire eletricidade para suas pr\u00f3prias necessidades ou com uma empresa de energia que atua no com\u00e9rcio de eletricidade.\n<ul class=\"list\" style=\"padding-top: 10px;\">\n<li>No primeiro caso, o consumidor final se beneficia diretamente da energia gerada pela instala\u00e7\u00e3o de energia renov\u00e1vel.<\/li>\n<li>No segundo caso, a empresa comercializadora atua como intermedi\u00e1ria, comprando energia do produtor e fornecendo-a a clientes corporativos dedicados.<\/li>\n<\/ul>\n<\/li>\n<\/ul>\n<p>Quando o produtor de energia entrega energia ao consumidor atrav\u00e9s da rede el\u00e9trica p\u00fablica, \u00e9 necess\u00e1rio um ajuste adicional por meio de grupos de balan\u00e7o tanto para o produtor quanto para o consumidor.<\/p>\n<p>Esses grupos ajudam a equilibrar a produ\u00e7\u00e3o e o consumo de energia. Atrav\u00e9s deste mecanismo:<\/p>\n<ul class=\"list\">\n<li>A usina solar (produtora de energia renov\u00e1vel) junta-se a um grupo respons\u00e1vel por fornecer energia \u00e0 rede.<\/li>\n<li>O consumidor de energia junta-se ao seu pr\u00f3prio grupo, que gerencia o seu consumo de energia da rede.<\/li>\n<\/ul>\n<p>Este sistema permite uma gest\u00e3o eficaz do fluxo de energia, ajustando quaisquer diferen\u00e7as entre o consumo e a produ\u00e7\u00e3o de energia previstos e reais no n\u00edvel desses grupos.<\/p>\n<ul class=\"list\">\n<li>Com base no PPA Fora do Local, o consumidor paga pela energia e pelas garantias de origem fornecidas pelo produtor.<\/li>\n<li>Os pagamentos sob tais acordos de PPA s\u00e3o calculados como o pre\u00e7o multiplicado pelo volume de energia entregue a cada m\u00eas.<\/li>\n<\/ul>\n<\/div>\n<div>\n<p><strong class=\"green\">PPA Financeiro Fora do Local (PPA Virtual)<\/strong><\/p>\n<div style=\"text-align: center;\"><img loading=\"lazy\" decoding=\"async\" class=\"wp-image-11429 aligncenter\" src=\"https:\/\/rpower.energy\/app\/uploads\/2024\/03\/Rpower-schemat-2.jpg\" alt=\"\" width=\"299\" height=\"237\" \/><\/div>\n<p>Neste modelo de PPA, conhecido como <strong>vPPA<\/strong> (Virtual Power Purchase Agreement), n\u00e3o h\u00e1 venda f\u00edsica de eletricidade entre o produtor e o consumidor. Trata-se de um acordo financeiro baseado exclusivamente na liquida\u00e7\u00e3o monet\u00e1ria da diferen\u00e7a entre o pre\u00e7o da energia no PPA e o pre\u00e7o de mercado spot para um determinado dia ou hora.<\/p>\n<p>Neste modelo:<\/p>\n<ul class=\"list\">\n<li>O <strong>produtor de energia<\/strong> vende energia no mercado, por exemplo, para uma empresa comercializadora.<\/li>\n<li>O <strong>consumidor<\/strong> compra energia no mercado de uma empresa comercializadora de sua escolha.<\/li>\n<li>A liquida\u00e7\u00e3o financeira da diferen\u00e7a de pre\u00e7o garante que tanto o produtor quanto o consumidor estejam protegidos contra flutua\u00e7\u00f5es nos pre\u00e7os da eletricidade no mercado.<\/li>\n<li>O produtor fornece ao consumidor garantias de origem para a quantidade de energia renov\u00e1vel correspondente \u00e0 quantidade de energia sujeita \u00e0 liquida\u00e7\u00e3o da diferen\u00e7a de pre\u00e7o, garantindo que o vPPA apoie a gera\u00e7\u00e3o de tal energia em uma fonte de zero emiss\u00f5es (uma instala\u00e7\u00e3o de energia renov\u00e1vel atribu\u00edda a esse consumidor).<\/li>\n<\/ul>\n<p>A liquida\u00e7\u00e3o da diferen\u00e7a de pre\u00e7o significa que, se o pre\u00e7o de mercado da energia for superior ao pre\u00e7o acordado no contrato, o produtor paga a diferen\u00e7a ao consumidor; se o pre\u00e7o de mercado for inferior, o consumidor paga a diferen\u00e7a ao produtor. Esse mecanismo atua como prote\u00e7\u00e3o contra flutua\u00e7\u00f5es de pre\u00e7os no mercado de energia.<\/p>\n<\/div>\n<div>\n<p><strong class=\"green\">PPA no Local (On-site PPA)<\/strong><\/p>\n<div style=\"text-align: center;\"><img loading=\"lazy\" decoding=\"async\" class=\"wp-image-11436 aligncenter\" src=\"https:\/\/rpower.energy\/app\/uploads\/2024\/03\/Rpower-schemat-1.jpg\" alt=\"\" width=\"363\" height=\"126\" \/><\/div>\n<ul class=\"list\" style=\"padding-top: 80px;\">\n<li>O consumidor assina um acordo com um produtor que constr\u00f3i uma instala\u00e7\u00e3o de energia renov\u00e1vel diretamente conectada \u00e0s instala\u00e7\u00f5es do consumidor.<\/li>\n<li>O pre\u00e7o do PPA no Local \u00e9 determinado por ambas as partes no contrato.<\/li>\n<li>A energia vendida sob um PPA no Local \u00e9 fornecida sem o uso da rede el\u00e9trica.<\/li>\n<\/ul>\n<\/div>\n<h3 class=\"green\">Volume de PPA<\/h3>\n<div class=\"flex columns\">\n<div style=\"width: 50%;\">\n<ul class=\"list\">\n<li>A R.Power utiliza os melhores m\u00f3dulos fotovoltaicos no mercado. A tecnologia atual exige uma degrada\u00e7\u00e3o anual estimada da efici\u00eancia dos m\u00f3dulos fotovoltaicos, calculada em 0,4% da produ\u00e7\u00e3o anual.<\/li>\n<li>A f\u00f3rmula de pagamento conforme a produ\u00e7\u00e3o <strong>pay-as-produced<\/strong> significa que o consumidor concorda em comprar toda a produ\u00e7\u00e3o anual de energia conforme o PPA.<\/li>\n<li>A f\u00f3rmula de pagamento conforme a produ\u00e7\u00e3o permite que o consumidor receba Garantias de Origem equivalentes \u00e0 energia produzida.<\/li>\n<li>Antes de celebrar um PPA, o consumidor deve estimar sua demanda de energia. Nossa equipe de especialistas apoia os clientes nesses c\u00e1lculos.<\/li>\n<\/ul>\n<\/div>\n<div style=\"width: 50%;\"><img loading=\"lazy\" decoding=\"async\" class=\"aligncenter wp-image-11462 size-full\" src=\"https:\/\/rpower.energy\/app\/uploads\/2025\/04\/Zasob-8.png\" alt=\"\" width=\"1398\" height=\"795\" \/><\/div>\n<\/div>\n<h3 class=\"green\">Contrato por diferen\u00e7a usado no PPA Financeiro<\/h3>\n<div class=\"flex columns\">\n<div style=\"width: 50%;\"><img loading=\"lazy\" decoding=\"async\" class=\"aligncenter wp-image-11469 size-full\" src=\"https:\/\/rpower.energy\/app\/uploads\/2025\/04\/Zasob-9.png\" alt=\"\" width=\"1326\" height=\"739\" \/><\/div>\n<div style=\"width: 50%;\">\n<ul class=\"list\">\n<li>De acordo com um PPA financeiro, o pre\u00e7o de mercado (MP) \u00e9 determinado mensalmente para per\u00edodos espec\u00edficos de liquida\u00e7\u00e3o.<\/li>\n<li>Se o MP em um per\u00edodo de liquida\u00e7\u00e3o for superior ao pre\u00e7o do PPA, o produtor de energia paga ao consumidor a diferen\u00e7a de pre\u00e7o [SA+].<\/li>\n<li>Se o MP for inferior ao pre\u00e7o do PPA, o consumidor paga ao produtor a diferen\u00e7a de pre\u00e7o [SA-].<\/li>\n<\/ul>\n<\/div>\n<\/div>\n","protected":false},"excerpt":{"rendered":"<p>Um Acordo de Compra de Energia (PPA) \u00e9 um contrato entre um produtor de eletricidade (vendedor) e um consumidor de energia (comprador). O contrato define as condi\u00e7\u00f5es para a compra de energia de fontes renov\u00e1veis, incluindo pre\u00e7o, quantidade e dura\u00e7\u00e3o. Os PPAs geralmente s\u00e3o de longo prazo, com dura\u00e7\u00e3o normalmente de 10 anos ou mais, &hellip; <a href=\"https:\/\/rpower.energy\/pt-pt\/ppa\/sobre-os-ppas\/\">Continued<\/a><\/p>\n","protected":false},"author":10,"featured_media":0,"parent":11305,"menu_order":0,"comment_status":"closed","ping_status":"closed","template":"views\/template-ppa.blade.php","meta":{"_acf_changed":false,"footnotes":""},"class_list":["post-11314","page","type-page","status-publish","hentry"],"acf":[],"yoast_head":"<!-- This site is optimized with the Yoast SEO plugin v27.3 - https:\/\/yoast.com\/product\/yoast-seo-wordpress\/ -->\n<title>Sobre os PPAs - R.Power Renewables<\/title>\n<meta name=\"robots\" content=\"index, follow, max-snippet:-1, max-image-preview:large, max-video-preview:-1\" \/>\n<link rel=\"canonical\" href=\"https:\/\/rpower.energy\/pt-pt\/ppa\/sobre-os-ppas\/\" \/>\n<meta property=\"og:locale\" content=\"pt_PT\" \/>\n<meta property=\"og:type\" content=\"article\" \/>\n<meta property=\"og:title\" content=\"Sobre os PPAs - R.Power Renewables\" \/>\n<meta property=\"og:description\" content=\"Um Acordo de Compra de Energia (PPA) \u00e9 um contrato entre um produtor de eletricidade (vendedor) e um consumidor de energia (comprador). O contrato define as condi\u00e7\u00f5es para a compra de energia de fontes renov\u00e1veis, incluindo pre\u00e7o, quantidade e dura\u00e7\u00e3o. Os PPAs geralmente s\u00e3o de longo prazo, com dura\u00e7\u00e3o normalmente de 10 anos ou mais, &hellip; Continued\" \/>\n<meta property=\"og:url\" content=\"https:\/\/rpower.energy\/pt-pt\/ppa\/sobre-os-ppas\/\" \/>\n<meta property=\"og:site_name\" content=\"R.Power Renewables\" \/>\n<meta property=\"article:modified_time\" content=\"2025-04-22T10:37:30+00:00\" \/>\n<meta property=\"og:image\" content=\"https:\/\/rpower.energy\/app\/uploads\/2024\/03\/Rpower-schemat-3.jpg\" \/>\n<meta name=\"twitter:card\" content=\"summary_large_image\" \/>\n<meta name=\"twitter:label1\" content=\"Est. reading time\" \/>\n\t<meta name=\"twitter:data1\" content=\"7 minutes\" \/>\n<script type=\"application\/ld+json\" class=\"yoast-schema-graph\">{\"@context\":\"https:\\\/\\\/schema.org\",\"@graph\":[{\"@type\":\"WebPage\",\"@id\":\"https:\\\/\\\/rpower.energy\\\/pt-pt\\\/ppa\\\/sobre-os-ppas\\\/\",\"url\":\"https:\\\/\\\/rpower.energy\\\/pt-pt\\\/ppa\\\/sobre-os-ppas\\\/\",\"name\":\"Sobre os PPAs - R.Power Renewables\",\"isPartOf\":{\"@id\":\"https:\\\/\\\/rpower.energy\\\/pt-pt\\\/#website\"},\"primaryImageOfPage\":{\"@id\":\"https:\\\/\\\/rpower.energy\\\/pt-pt\\\/ppa\\\/sobre-os-ppas\\\/#primaryimage\"},\"image\":{\"@id\":\"https:\\\/\\\/rpower.energy\\\/pt-pt\\\/ppa\\\/sobre-os-ppas\\\/#primaryimage\"},\"thumbnailUrl\":\"https:\\\/\\\/rpower.energy\\\/app\\\/uploads\\\/2024\\\/03\\\/Rpower-schemat-3.jpg\",\"datePublished\":\"2024-03-15T11:54:25+00:00\",\"dateModified\":\"2025-04-22T10:37:30+00:00\",\"breadcrumb\":{\"@id\":\"https:\\\/\\\/rpower.energy\\\/pt-pt\\\/ppa\\\/sobre-os-ppas\\\/#breadcrumb\"},\"inLanguage\":\"pt-PT\",\"potentialAction\":[{\"@type\":\"ReadAction\",\"target\":[\"https:\\\/\\\/rpower.energy\\\/pt-pt\\\/ppa\\\/sobre-os-ppas\\\/\"]}]},{\"@type\":\"ImageObject\",\"inLanguage\":\"pt-PT\",\"@id\":\"https:\\\/\\\/rpower.energy\\\/pt-pt\\\/ppa\\\/sobre-os-ppas\\\/#primaryimage\",\"url\":\"https:\\\/\\\/rpower.energy\\\/app\\\/uploads\\\/2024\\\/03\\\/Rpower-schemat-3.jpg\",\"contentUrl\":\"https:\\\/\\\/rpower.energy\\\/app\\\/uploads\\\/2024\\\/03\\\/Rpower-schemat-3.jpg\"},{\"@type\":\"BreadcrumbList\",\"@id\":\"https:\\\/\\\/rpower.energy\\\/pt-pt\\\/ppa\\\/sobre-os-ppas\\\/#breadcrumb\",\"itemListElement\":[{\"@type\":\"ListItem\",\"position\":1,\"name\":\"Home\",\"item\":\"https:\\\/\\\/rpower.energy\\\/pt-pt\\\/\"},{\"@type\":\"ListItem\",\"position\":2,\"name\":\"PPA\",\"item\":\"https:\\\/\\\/rpower.energy\\\/pt-pt\\\/ppa\\\/\"},{\"@type\":\"ListItem\",\"position\":3,\"name\":\"Sobre os&nbsp;PPAs\"}]},{\"@type\":\"WebSite\",\"@id\":\"https:\\\/\\\/rpower.energy\\\/pt-pt\\\/#website\",\"url\":\"https:\\\/\\\/rpower.energy\\\/pt-pt\\\/\",\"name\":\"R.Power Renewables\",\"description\":\"The future of energy today.\",\"publisher\":{\"@id\":\"https:\\\/\\\/rpower.energy\\\/pt-pt\\\/#organization\"},\"potentialAction\":[{\"@type\":\"SearchAction\",\"target\":{\"@type\":\"EntryPoint\",\"urlTemplate\":\"https:\\\/\\\/rpower.energy\\\/pt-pt\\\/?s={search_term_string}\"},\"query-input\":{\"@type\":\"PropertyValueSpecification\",\"valueRequired\":true,\"valueName\":\"search_term_string\"}}],\"inLanguage\":\"pt-PT\"},{\"@type\":\"Organization\",\"@id\":\"https:\\\/\\\/rpower.energy\\\/pt-pt\\\/#organization\",\"name\":\"R.Power Renewables\",\"url\":\"https:\\\/\\\/rpower.energy\\\/pt-pt\\\/\",\"logo\":{\"@type\":\"ImageObject\",\"inLanguage\":\"pt-PT\",\"@id\":\"https:\\\/\\\/rpower.energy\\\/pt-pt\\\/#\\\/schema\\\/logo\\\/image\\\/\",\"url\":\"https:\\\/\\\/rpower.energy\\\/app\\\/uploads\\\/2021\\\/04\\\/favicon.png\",\"contentUrl\":\"https:\\\/\\\/rpower.energy\\\/app\\\/uploads\\\/2021\\\/04\\\/favicon.png\",\"width\":512,\"height\":512,\"caption\":\"R.Power Renewables\"},\"image\":{\"@id\":\"https:\\\/\\\/rpower.energy\\\/pt-pt\\\/#\\\/schema\\\/logo\\\/image\\\/\"},\"sameAs\":[\"https:\\\/\\\/pl.linkedin.com\\\/company\\\/r-power-polska\"]}]}<\/script>\n<!-- \/ Yoast SEO plugin. -->","yoast_head_json":{"title":"Sobre os PPAs - R.Power Renewables","robots":{"index":"index","follow":"follow","max-snippet":"max-snippet:-1","max-image-preview":"max-image-preview:large","max-video-preview":"max-video-preview:-1"},"canonical":"https:\/\/rpower.energy\/pt-pt\/ppa\/sobre-os-ppas\/","og_locale":"pt_PT","og_type":"article","og_title":"Sobre os PPAs - R.Power Renewables","og_description":"Um Acordo de Compra de Energia (PPA) \u00e9 um contrato entre um produtor de eletricidade (vendedor) e um consumidor de energia (comprador). O contrato define as condi\u00e7\u00f5es para a compra de energia de fontes renov\u00e1veis, incluindo pre\u00e7o, quantidade e dura\u00e7\u00e3o. Os PPAs geralmente s\u00e3o de longo prazo, com dura\u00e7\u00e3o normalmente de 10 anos ou mais, &hellip; Continued","og_url":"https:\/\/rpower.energy\/pt-pt\/ppa\/sobre-os-ppas\/","og_site_name":"R.Power Renewables","article_modified_time":"2025-04-22T10:37:30+00:00","og_image":[{"url":"https:\/\/rpower.energy\/app\/uploads\/2024\/03\/Rpower-schemat-3.jpg","type":"","width":"","height":""}],"twitter_card":"summary_large_image","twitter_misc":{"Est. reading time":"7 minutes"},"schema":{"@context":"https:\/\/schema.org","@graph":[{"@type":"WebPage","@id":"https:\/\/rpower.energy\/pt-pt\/ppa\/sobre-os-ppas\/","url":"https:\/\/rpower.energy\/pt-pt\/ppa\/sobre-os-ppas\/","name":"Sobre os PPAs - R.Power Renewables","isPartOf":{"@id":"https:\/\/rpower.energy\/pt-pt\/#website"},"primaryImageOfPage":{"@id":"https:\/\/rpower.energy\/pt-pt\/ppa\/sobre-os-ppas\/#primaryimage"},"image":{"@id":"https:\/\/rpower.energy\/pt-pt\/ppa\/sobre-os-ppas\/#primaryimage"},"thumbnailUrl":"https:\/\/rpower.energy\/app\/uploads\/2024\/03\/Rpower-schemat-3.jpg","datePublished":"2024-03-15T11:54:25+00:00","dateModified":"2025-04-22T10:37:30+00:00","breadcrumb":{"@id":"https:\/\/rpower.energy\/pt-pt\/ppa\/sobre-os-ppas\/#breadcrumb"},"inLanguage":"pt-PT","potentialAction":[{"@type":"ReadAction","target":["https:\/\/rpower.energy\/pt-pt\/ppa\/sobre-os-ppas\/"]}]},{"@type":"ImageObject","inLanguage":"pt-PT","@id":"https:\/\/rpower.energy\/pt-pt\/ppa\/sobre-os-ppas\/#primaryimage","url":"https:\/\/rpower.energy\/app\/uploads\/2024\/03\/Rpower-schemat-3.jpg","contentUrl":"https:\/\/rpower.energy\/app\/uploads\/2024\/03\/Rpower-schemat-3.jpg"},{"@type":"BreadcrumbList","@id":"https:\/\/rpower.energy\/pt-pt\/ppa\/sobre-os-ppas\/#breadcrumb","itemListElement":[{"@type":"ListItem","position":1,"name":"Home","item":"https:\/\/rpower.energy\/pt-pt\/"},{"@type":"ListItem","position":2,"name":"PPA","item":"https:\/\/rpower.energy\/pt-pt\/ppa\/"},{"@type":"ListItem","position":3,"name":"Sobre os&nbsp;PPAs"}]},{"@type":"WebSite","@id":"https:\/\/rpower.energy\/pt-pt\/#website","url":"https:\/\/rpower.energy\/pt-pt\/","name":"R.Power Renewables","description":"The future of energy today.","publisher":{"@id":"https:\/\/rpower.energy\/pt-pt\/#organization"},"potentialAction":[{"@type":"SearchAction","target":{"@type":"EntryPoint","urlTemplate":"https:\/\/rpower.energy\/pt-pt\/?s={search_term_string}"},"query-input":{"@type":"PropertyValueSpecification","valueRequired":true,"valueName":"search_term_string"}}],"inLanguage":"pt-PT"},{"@type":"Organization","@id":"https:\/\/rpower.energy\/pt-pt\/#organization","name":"R.Power Renewables","url":"https:\/\/rpower.energy\/pt-pt\/","logo":{"@type":"ImageObject","inLanguage":"pt-PT","@id":"https:\/\/rpower.energy\/pt-pt\/#\/schema\/logo\/image\/","url":"https:\/\/rpower.energy\/app\/uploads\/2021\/04\/favicon.png","contentUrl":"https:\/\/rpower.energy\/app\/uploads\/2021\/04\/favicon.png","width":512,"height":512,"caption":"R.Power Renewables"},"image":{"@id":"https:\/\/rpower.energy\/pt-pt\/#\/schema\/logo\/image\/"},"sameAs":["https:\/\/pl.linkedin.com\/company\/r-power-polska"]}]}},"_links":{"self":[{"href":"https:\/\/rpower.energy\/pt-pt\/wp-json\/wp\/v2\/pages\/11314","targetHints":{"allow":["GET"]}}],"collection":[{"href":"https:\/\/rpower.energy\/pt-pt\/wp-json\/wp\/v2\/pages"}],"about":[{"href":"https:\/\/rpower.energy\/pt-pt\/wp-json\/wp\/v2\/types\/page"}],"author":[{"embeddable":true,"href":"https:\/\/rpower.energy\/pt-pt\/wp-json\/wp\/v2\/users\/10"}],"replies":[{"embeddable":true,"href":"https:\/\/rpower.energy\/pt-pt\/wp-json\/wp\/v2\/comments?post=11314"}],"version-history":[{"count":6,"href":"https:\/\/rpower.energy\/pt-pt\/wp-json\/wp\/v2\/pages\/11314\/revisions"}],"predecessor-version":[{"id":13286,"href":"https:\/\/rpower.energy\/pt-pt\/wp-json\/wp\/v2\/pages\/11314\/revisions\/13286"}],"up":[{"embeddable":true,"href":"https:\/\/rpower.energy\/pt-pt\/wp-json\/wp\/v2\/pages\/11305"}],"wp:attachment":[{"href":"https:\/\/rpower.energy\/pt-pt\/wp-json\/wp\/v2\/media?parent=11314"}],"curies":[{"name":"wp","href":"https:\/\/api.w.org\/{rel}","templated":true}]}}