{"id":11316,"date":"2024-03-15T11:54:25","date_gmt":"2024-03-15T11:54:25","guid":{"rendered":"https:\/\/rpower.solar\/ppa\/about-ppa\/"},"modified":"2025-04-22T10:38:43","modified_gmt":"2025-04-22T10:38:43","slug":"sobre-los-ppa","status":"publish","type":"page","link":"https:\/\/rpower.energy\/es\/ppa\/sobre-los-ppa\/","title":{"rendered":"Sobre los PPA"},"content":{"rendered":"<ul class=\"list\">\n<li>Un <strong>Power Purchase Agreement<\/strong> <strong>(PPA)<\/strong> es un contrato entre un productor de electricidad (vendedor) y un consumidor de energ\u00eda (comprador). El contrato define las condiciones para la compra de energ\u00eda de fuentes renovables, incluyendo el precio, la cantidad y la duraci\u00f3n.<\/li>\n<li>Los <strong>PPA<\/strong> suelen ser a largo plazo, generalmente duran 10 a\u00f1os o m\u00e1s, lo cual es crucial para el productor, ya que permite financiar nuevos proyectos de energ\u00eda renovable.<\/li>\n<li>Para el consumidor, la principal ventaja de un <strong>PPA<\/strong> es la garant\u00eda de estabilidad en el precio de la energ\u00eda, lo que a menudo conlleva una reducci\u00f3n de costos. En el caso de compras de energ\u00eda solar, los consumidores pueden lograr una optimizaci\u00f3n significativa de costos debido al bajo costo de esta tecnolog\u00eda. Adem\u00e1s, las plantas solares ofrecen baja volatilidad y previsibilidad en los vol\u00famenes de producci\u00f3n de energ\u00eda.<\/li>\n<\/ul>\n<p>Otro beneficio importante de un <strong>PPA<\/strong> es su papel en el aumento de la participaci\u00f3n de las energ\u00edas renovables en la mezcla energ\u00e9tica nacional, lo que contribuir\u00e1 a un futuro energ\u00e9tico m\u00e1s sostenible y limpio.<\/p>\n<h3 class=\"green\">Tipos de PPA<\/h3>\n<div>\n<p><strong class=\"green\">PPA F\u00edsico Fuera del Sitio (Off-site Physical PPA)<\/strong><\/p>\n<div style=\"text-align: center;\"><img loading=\"lazy\" decoding=\"async\" class=\"wp-image-11422 aligncenter\" src=\"https:\/\/rpower.energy\/app\/uploads\/2024\/03\/Rpower-schemat-3.jpg\" alt=\"\" width=\"299\" height=\"237\" \/><\/div>\n<ul class=\"list\" style=\"padding-top: 10px;\">\n<li>Este tipo de <strong>PPA<\/strong> puede celebrarse con un consumidor final que compra electricidad para sus propias necesidades o con una empresa de energ\u00eda que participa en el comercio de electricidad.<\/li>\n<ul class=\"list\" style=\"padding-top: 10px;\">\n<li>En el primer caso, el consumidor final se beneficia directamente de la energ\u00eda generada por la instalaci\u00f3n de energ\u00eda renovable.<\/li>\n<li>En el segundo caso, la empresa comercializadora act\u00faa como intermediaria, comprando energ\u00eda del productor y suministr\u00e1ndola a clientes corporativos dedicados.<\/li>\n<\/ul>\n<\/ul>\n<p>Cuando el productor de energ\u00eda entrega energ\u00eda al consumidor a trav\u00e9s de la red el\u00e9ctrica p\u00fablica, se requiere un ajuste adicional a trav\u00e9s de grupos de balance tanto para la planta de energ\u00eda como para el consumidor.<\/p>\n<p>Estos grupos ayudan a equilibrar la producci\u00f3n y el consumo de energ\u00eda. A trav\u00e9s de este mecanismo:<\/p>\n<ul class=\"list\">\n<li>La planta de energ\u00eda (productor de energ\u00eda renovable) se une a un grupo de balance responsable de suministrar energ\u00eda a la red.<\/li>\n<li>El consumidor de energ\u00eda se une a su propio grupo de balance, que gestiona su consumo de energ\u00eda desde la red.<\/li>\n<\/ul>\n<p>Este sistema permite una gesti\u00f3n eficaz del flujo de energ\u00eda, y las diferencias entre el consumo proyectado y el real, as\u00ed como la producci\u00f3n de energ\u00eda, se ajustan a nivel de los grupos de balance.<\/p>\n<ul class=\"list\">\n<li>Basado en el PPA Fuera del Sitio, el consumidor paga por la energ\u00eda y las garant\u00edas de origen proporcionadas por el productor.<\/li>\n<li>Los pagos en virtud de dichos acuerdos de PPA se calculan como el precio multiplicado por el volumen de energ\u00eda entregado cada mes.<\/li>\n<\/ul>\n<\/div>\n<div>\n<p><strong class=\"green\">PPA Financiero Fuera del Sitio (PPA Virtual)<\/strong><\/p>\n<div style=\"text-align: center;\"><img loading=\"lazy\" decoding=\"async\" class=\"wp-image-11429 aligncenter\" src=\"https:\/\/rpower.energy\/app\/uploads\/2024\/03\/Rpower-schemat-2.jpg\" alt=\"\" width=\"299\" height=\"237\" \/><\/div>\n<p>En este modelo de PPA, conocido como <strong>vPPA<\/strong> (Virtual Power Purchase Agreement), no existe una venta f\u00edsica de electricidad entre el productor y el consumidor. Es un acuerdo financiero basado \u00fanicamente en el ajuste monetario de la diferencia entre el precio de la energ\u00eda en el PPA y su precio en el mercado spot para un d\u00eda u hora determinados. <\/p>\n<p>En este modelo:<\/p>\n<ul class=\"list\">\n<li>El productor de energ\u00eda vende energ\u00eda en el mercado, por ejemplo, a una empresa comercializadora<\/li>\n<li>El consumidor compra energ\u00eda en el mercado a una empresa comercializadora de su elecci\u00f3n.<\/li>\n<li>El ajuste financiero de la diferencia de precio garantiza que tanto el productor como el consumidor est\u00e9n protegidos de las fluctuaciones en los precios de la electricidad en el mercado.<\/li>\n<li>El productor proporciona al consumidor garant\u00edas de origen para la energ\u00eda renovable correspondiente a la cantidad de energ\u00eda sujeta al ajuste de la diferencia de precio, asegurando que el vPPA respalde la generaci\u00f3n de dicha energ\u00eda en una fuente de cero emisiones (una instalaci\u00f3n de energ\u00eda renovable asignada a este consumidor).<\/li>\n<\/ul>\n<p>El ajuste de la diferencia de precio implica que si el precio de la energ\u00eda en el mercado es superior al precio acordado en el contrato, el productor paga al consumidor la diferencia. Si el precio en el mercado es inferior, el consumidor paga la diferencia al productor. Este mecanismo act\u00faa como protecci\u00f3n contra las fluctuaciones de precios en el mercado de energ\u00eda.\n<\/p><\/div>\n<div>\n<p><strong class=\"green\">PPA en el Sitio (On-site PPA)<\/strong><\/p>\n<div style=\"text-align: center;\"><img loading=\"lazy\" decoding=\"async\" class=\"wp-image-11436 aligncenter\" src=\"https:\/\/rpower.energy\/app\/uploads\/2024\/03\/Rpower-schemat-1.jpg\" alt=\"\" width=\"363\" height=\"126\" \/><\/div>\n<ul class=\"list\" style=\"padding-top: 80px;\">\n<li>El consumidor firma un acuerdo con un productor que construye una instalaci\u00f3n de energ\u00eda renovable directamente conectada a las instalaciones del consumidor.<\/li>\n<li>El precio del PPA en el Sitio es determinado por ambas partes en el contrato.<\/li>\n<li>La energ\u00eda vendida bajo un PPA en el Sitio se suministra sin utilizar la red el\u00e9ctrica.<\/li>\n<\/ul>\n<\/div>\n<h3 class=\"green\">Volumen de PPA<\/h3>\n<div class=\"flex columns\">\n<div style=\"width: 50%;\">\n<ul class=\"list\">\n<li>R.Power utiliza los mejores m\u00f3dulos fotovoltaicos en el mercado. La tecnolog\u00eda actual requiere una estimaci\u00f3n de degradaci\u00f3n anual de la eficiencia de los m\u00f3dulos fotovoltaicos, que se calcula como el 0,4% de la producci\u00f3n anual.<\/li>\n<li>La f\u00f3rmula de pago conforme a la producci\u00f3n (pay-as-produced) significa que el consumidor acepta comprar toda la producci\u00f3n anual de energ\u00eda en virtud del PPA.<\/li>\n<li>La f\u00f3rmula de pago conforme a la producci\u00f3n permite al consumidor recibir Garant\u00edas de Origen equivalentes a la energ\u00eda producida.<\/li>\n<li>Antes de firmar un PPA, el consumidor debe estimar su demanda de energ\u00eda. Nuestro equipo de expertos ayuda a los clientes con estos c\u00e1lculos.<\/li>\n<\/ul>\n<\/div>\n<div style=\"width: 50%;\"><img loading=\"lazy\" decoding=\"async\" class=\"aligncenter wp-image-11462 size-full\" src=\"https:\/\/rpower.energy\/app\/uploads\/2025\/04\/Zasob-8.png\" alt=\"\" width=\"1398\" height=\"795\" \/><\/div>\n<\/div>\n<h3 class=\"green\">Contrato por diferencias en PPA Financiero<\/h3>\n<div class=\"flex columns\">\n<div style=\"width: 50%;\"><img loading=\"lazy\" decoding=\"async\" class=\"aligncenter wp-image-11469 size-full\" src=\"https:\/\/rpower.energy\/app\/uploads\/2025\/04\/Zasob-9.png\" alt=\"\" width=\"1326\" height=\"739\" \/><\/div>\n<div style=\"width: 50%;\">\n<ul class=\"list\">\n<li>De acuerdo con un PPA financiero, el precio de mercado (MP) se determina mensualmente para per\u00edodos de liquidaci\u00f3n espec\u00edficos.<\/li>\n<li>Si el MP en un per\u00edodo de liquidaci\u00f3n dado es superior al precio del PPA, el productor de energ\u00eda paga al consumidor la diferencia de precio [SA+].<\/li>\n<li>Si el MP es inferior al precio del PPA, el consumidor paga al productor la diferencia de precio [SA-].<\/li>\n<\/ul>\n<\/div>\n<\/div>\n","protected":false},"excerpt":{"rendered":"<p>Un Power Purchase Agreement (PPA) es un contrato entre un productor de electricidad (vendedor) y un consumidor de energ\u00eda (comprador). El contrato define las condiciones para la compra de energ\u00eda de fuentes renovables, incluyendo el precio, la cantidad y la duraci\u00f3n. Los PPA suelen ser a largo plazo, generalmente duran 10 a\u00f1os o m\u00e1s, lo &hellip; <a href=\"https:\/\/rpower.energy\/es\/ppa\/sobre-los-ppa\/\">Continued<\/a><\/p>\n","protected":false},"author":10,"featured_media":0,"parent":11307,"menu_order":0,"comment_status":"closed","ping_status":"closed","template":"views\/template-ppa.blade.php","meta":{"_acf_changed":false,"footnotes":""},"class_list":["post-11316","page","type-page","status-publish","hentry"],"acf":[],"yoast_head":"<!-- This site is optimized with the Yoast SEO plugin v27.3 - https:\/\/yoast.com\/product\/yoast-seo-wordpress\/ -->\n<title>Sobre los PPA - R.Power Renewables<\/title>\n<meta name=\"robots\" content=\"index, follow, max-snippet:-1, max-image-preview:large, max-video-preview:-1\" \/>\n<link rel=\"canonical\" href=\"https:\/\/rpower.energy\/es\/ppa\/sobre-los-ppa\/\" \/>\n<meta property=\"og:locale\" content=\"es_ES\" \/>\n<meta property=\"og:type\" content=\"article\" \/>\n<meta property=\"og:title\" content=\"Sobre los PPA - R.Power Renewables\" \/>\n<meta property=\"og:description\" content=\"Un Power Purchase Agreement (PPA) es un contrato entre un productor de electricidad (vendedor) y un consumidor de energ\u00eda (comprador). El contrato define las condiciones para la compra de energ\u00eda de fuentes renovables, incluyendo el precio, la cantidad y la duraci\u00f3n. Los PPA suelen ser a largo plazo, generalmente duran 10 a\u00f1os o m\u00e1s, lo &hellip; Continued\" \/>\n<meta property=\"og:url\" content=\"https:\/\/rpower.energy\/es\/ppa\/sobre-los-ppa\/\" \/>\n<meta property=\"og:site_name\" content=\"R.Power Renewables\" \/>\n<meta property=\"article:modified_time\" content=\"2025-04-22T10:38:43+00:00\" \/>\n<meta property=\"og:image\" content=\"https:\/\/rpower.energy\/app\/uploads\/2024\/03\/Rpower-schemat-3.jpg\" \/>\n<meta name=\"twitter:card\" content=\"summary_large_image\" \/>\n<meta name=\"twitter:label1\" content=\"Est. reading time\" \/>\n\t<meta name=\"twitter:data1\" content=\"7 minutes\" \/>\n<script type=\"application\/ld+json\" class=\"yoast-schema-graph\">{\"@context\":\"https:\\\/\\\/schema.org\",\"@graph\":[{\"@type\":\"WebPage\",\"@id\":\"https:\\\/\\\/rpower.energy\\\/es\\\/ppa\\\/sobre-los-ppa\\\/\",\"url\":\"https:\\\/\\\/rpower.energy\\\/es\\\/ppa\\\/sobre-los-ppa\\\/\",\"name\":\"Sobre los PPA - R.Power Renewables\",\"isPartOf\":{\"@id\":\"https:\\\/\\\/rpower.energy\\\/es\\\/#website\"},\"primaryImageOfPage\":{\"@id\":\"https:\\\/\\\/rpower.energy\\\/es\\\/ppa\\\/sobre-los-ppa\\\/#primaryimage\"},\"image\":{\"@id\":\"https:\\\/\\\/rpower.energy\\\/es\\\/ppa\\\/sobre-los-ppa\\\/#primaryimage\"},\"thumbnailUrl\":\"https:\\\/\\\/rpower.energy\\\/app\\\/uploads\\\/2024\\\/03\\\/Rpower-schemat-3.jpg\",\"datePublished\":\"2024-03-15T11:54:25+00:00\",\"dateModified\":\"2025-04-22T10:38:43+00:00\",\"breadcrumb\":{\"@id\":\"https:\\\/\\\/rpower.energy\\\/es\\\/ppa\\\/sobre-los-ppa\\\/#breadcrumb\"},\"inLanguage\":\"es-ES\",\"potentialAction\":[{\"@type\":\"ReadAction\",\"target\":[\"https:\\\/\\\/rpower.energy\\\/es\\\/ppa\\\/sobre-los-ppa\\\/\"]}]},{\"@type\":\"ImageObject\",\"inLanguage\":\"es-ES\",\"@id\":\"https:\\\/\\\/rpower.energy\\\/es\\\/ppa\\\/sobre-los-ppa\\\/#primaryimage\",\"url\":\"https:\\\/\\\/rpower.energy\\\/app\\\/uploads\\\/2024\\\/03\\\/Rpower-schemat-3.jpg\",\"contentUrl\":\"https:\\\/\\\/rpower.energy\\\/app\\\/uploads\\\/2024\\\/03\\\/Rpower-schemat-3.jpg\"},{\"@type\":\"BreadcrumbList\",\"@id\":\"https:\\\/\\\/rpower.energy\\\/es\\\/ppa\\\/sobre-los-ppa\\\/#breadcrumb\",\"itemListElement\":[{\"@type\":\"ListItem\",\"position\":1,\"name\":\"Home\",\"item\":\"https:\\\/\\\/rpower.energy\\\/es\\\/\"},{\"@type\":\"ListItem\",\"position\":2,\"name\":\"PPA\",\"item\":\"https:\\\/\\\/rpower.energy\\\/es\\\/ppa\\\/\"},{\"@type\":\"ListItem\",\"position\":3,\"name\":\"Sobre los PPA\"}]},{\"@type\":\"WebSite\",\"@id\":\"https:\\\/\\\/rpower.energy\\\/es\\\/#website\",\"url\":\"https:\\\/\\\/rpower.energy\\\/es\\\/\",\"name\":\"R.Power Renewables\",\"description\":\"The future of energy today.\",\"publisher\":{\"@id\":\"https:\\\/\\\/rpower.energy\\\/es\\\/#organization\"},\"potentialAction\":[{\"@type\":\"SearchAction\",\"target\":{\"@type\":\"EntryPoint\",\"urlTemplate\":\"https:\\\/\\\/rpower.energy\\\/es\\\/?s={search_term_string}\"},\"query-input\":{\"@type\":\"PropertyValueSpecification\",\"valueRequired\":true,\"valueName\":\"search_term_string\"}}],\"inLanguage\":\"es-ES\"},{\"@type\":\"Organization\",\"@id\":\"https:\\\/\\\/rpower.energy\\\/es\\\/#organization\",\"name\":\"R.Power Renewables\",\"url\":\"https:\\\/\\\/rpower.energy\\\/es\\\/\",\"logo\":{\"@type\":\"ImageObject\",\"inLanguage\":\"es-ES\",\"@id\":\"https:\\\/\\\/rpower.energy\\\/es\\\/#\\\/schema\\\/logo\\\/image\\\/\",\"url\":\"https:\\\/\\\/rpower.energy\\\/app\\\/uploads\\\/2021\\\/04\\\/favicon.png\",\"contentUrl\":\"https:\\\/\\\/rpower.energy\\\/app\\\/uploads\\\/2021\\\/04\\\/favicon.png\",\"width\":512,\"height\":512,\"caption\":\"R.Power Renewables\"},\"image\":{\"@id\":\"https:\\\/\\\/rpower.energy\\\/es\\\/#\\\/schema\\\/logo\\\/image\\\/\"},\"sameAs\":[\"https:\\\/\\\/pl.linkedin.com\\\/company\\\/r-power-polska\"]}]}<\/script>\n<!-- \/ Yoast SEO plugin. -->","yoast_head_json":{"title":"Sobre los PPA - R.Power Renewables","robots":{"index":"index","follow":"follow","max-snippet":"max-snippet:-1","max-image-preview":"max-image-preview:large","max-video-preview":"max-video-preview:-1"},"canonical":"https:\/\/rpower.energy\/es\/ppa\/sobre-los-ppa\/","og_locale":"es_ES","og_type":"article","og_title":"Sobre los PPA - R.Power Renewables","og_description":"Un Power Purchase Agreement (PPA) es un contrato entre un productor de electricidad (vendedor) y un consumidor de energ\u00eda (comprador). El contrato define las condiciones para la compra de energ\u00eda de fuentes renovables, incluyendo el precio, la cantidad y la duraci\u00f3n. Los PPA suelen ser a largo plazo, generalmente duran 10 a\u00f1os o m\u00e1s, lo &hellip; Continued","og_url":"https:\/\/rpower.energy\/es\/ppa\/sobre-los-ppa\/","og_site_name":"R.Power Renewables","article_modified_time":"2025-04-22T10:38:43+00:00","og_image":[{"url":"https:\/\/rpower.energy\/app\/uploads\/2024\/03\/Rpower-schemat-3.jpg","type":"","width":"","height":""}],"twitter_card":"summary_large_image","twitter_misc":{"Est. reading time":"7 minutes"},"schema":{"@context":"https:\/\/schema.org","@graph":[{"@type":"WebPage","@id":"https:\/\/rpower.energy\/es\/ppa\/sobre-los-ppa\/","url":"https:\/\/rpower.energy\/es\/ppa\/sobre-los-ppa\/","name":"Sobre los PPA - R.Power Renewables","isPartOf":{"@id":"https:\/\/rpower.energy\/es\/#website"},"primaryImageOfPage":{"@id":"https:\/\/rpower.energy\/es\/ppa\/sobre-los-ppa\/#primaryimage"},"image":{"@id":"https:\/\/rpower.energy\/es\/ppa\/sobre-los-ppa\/#primaryimage"},"thumbnailUrl":"https:\/\/rpower.energy\/app\/uploads\/2024\/03\/Rpower-schemat-3.jpg","datePublished":"2024-03-15T11:54:25+00:00","dateModified":"2025-04-22T10:38:43+00:00","breadcrumb":{"@id":"https:\/\/rpower.energy\/es\/ppa\/sobre-los-ppa\/#breadcrumb"},"inLanguage":"es-ES","potentialAction":[{"@type":"ReadAction","target":["https:\/\/rpower.energy\/es\/ppa\/sobre-los-ppa\/"]}]},{"@type":"ImageObject","inLanguage":"es-ES","@id":"https:\/\/rpower.energy\/es\/ppa\/sobre-los-ppa\/#primaryimage","url":"https:\/\/rpower.energy\/app\/uploads\/2024\/03\/Rpower-schemat-3.jpg","contentUrl":"https:\/\/rpower.energy\/app\/uploads\/2024\/03\/Rpower-schemat-3.jpg"},{"@type":"BreadcrumbList","@id":"https:\/\/rpower.energy\/es\/ppa\/sobre-los-ppa\/#breadcrumb","itemListElement":[{"@type":"ListItem","position":1,"name":"Home","item":"https:\/\/rpower.energy\/es\/"},{"@type":"ListItem","position":2,"name":"PPA","item":"https:\/\/rpower.energy\/es\/ppa\/"},{"@type":"ListItem","position":3,"name":"Sobre los PPA"}]},{"@type":"WebSite","@id":"https:\/\/rpower.energy\/es\/#website","url":"https:\/\/rpower.energy\/es\/","name":"R.Power Renewables","description":"The future of energy today.","publisher":{"@id":"https:\/\/rpower.energy\/es\/#organization"},"potentialAction":[{"@type":"SearchAction","target":{"@type":"EntryPoint","urlTemplate":"https:\/\/rpower.energy\/es\/?s={search_term_string}"},"query-input":{"@type":"PropertyValueSpecification","valueRequired":true,"valueName":"search_term_string"}}],"inLanguage":"es-ES"},{"@type":"Organization","@id":"https:\/\/rpower.energy\/es\/#organization","name":"R.Power Renewables","url":"https:\/\/rpower.energy\/es\/","logo":{"@type":"ImageObject","inLanguage":"es-ES","@id":"https:\/\/rpower.energy\/es\/#\/schema\/logo\/image\/","url":"https:\/\/rpower.energy\/app\/uploads\/2021\/04\/favicon.png","contentUrl":"https:\/\/rpower.energy\/app\/uploads\/2021\/04\/favicon.png","width":512,"height":512,"caption":"R.Power Renewables"},"image":{"@id":"https:\/\/rpower.energy\/es\/#\/schema\/logo\/image\/"},"sameAs":["https:\/\/pl.linkedin.com\/company\/r-power-polska"]}]}},"_links":{"self":[{"href":"https:\/\/rpower.energy\/es\/wp-json\/wp\/v2\/pages\/11316","targetHints":{"allow":["GET"]}}],"collection":[{"href":"https:\/\/rpower.energy\/es\/wp-json\/wp\/v2\/pages"}],"about":[{"href":"https:\/\/rpower.energy\/es\/wp-json\/wp\/v2\/types\/page"}],"author":[{"embeddable":true,"href":"https:\/\/rpower.energy\/es\/wp-json\/wp\/v2\/users\/10"}],"replies":[{"embeddable":true,"href":"https:\/\/rpower.energy\/es\/wp-json\/wp\/v2\/comments?post=11316"}],"version-history":[{"count":5,"href":"https:\/\/rpower.energy\/es\/wp-json\/wp\/v2\/pages\/11316\/revisions"}],"predecessor-version":[{"id":13288,"href":"https:\/\/rpower.energy\/es\/wp-json\/wp\/v2\/pages\/11316\/revisions\/13288"}],"up":[{"embeddable":true,"href":"https:\/\/rpower.energy\/es\/wp-json\/wp\/v2\/pages\/11307"}],"wp:attachment":[{"href":"https:\/\/rpower.energy\/es\/wp-json\/wp\/v2\/media?parent=11316"}],"curies":[{"name":"wp","href":"https:\/\/api.w.org\/{rel}","templated":true}]}}