{"id":956,"date":"2021-04-08T08:50:48","date_gmt":"2021-04-08T08:50:48","guid":{"rendered":"https:\/\/rpower.solar\/cookie-policy\/"},"modified":"2022-12-20T09:18:24","modified_gmt":"2022-12-20T09:18:24","slug":"cookie-richtlinie","status":"publish","type":"page","link":"https:\/\/rpower.energy\/de\/cookie-richtlinie\/","title":{"rendered":"COOKIE-RICHTLINIE"},"content":{"rendered":"\r\n<p><strong>COOKIE-RICHTLINIE<\/strong><\/p>\r\n\r\n\r\n\r\n<p>Cookies sind kleine Dateien, die auf Ihrem lokalen Rechner oder einem anderen Ger\u00e4t gespeichert werden, wenn Sie verschiedene Websites besuchen. Ein Cookie enth\u00e4lt, in der Regel, grundlegende Informationen \u00fcber die Website, von der es stammt, die vorgegebene Dauer der Speicherung des Cookies und eine eindeutige Zeichenfolge zur Identifizierung des Browsers in Verbindung mit dem Endger\u00e4t, der f\u00fcr den Zugriff auf die Website verwendet wurde.<\/p>\r\n\r\n\r\n\r\n<p><strong>ARTEN VON COOKIES JE NACH DER DAUER IHRER VERARBEITUNG<\/strong><\/p>\r\n\r\n\r\n\r\n<p>Aufgrund der Verarbeitungsdauer von Cookies verwenden wir zwei Arten von Cookies. Diese sind:<\/p>\r\n\r\n\r\n\r\n<ol class=\"wp-block-list\" type=\"a\">\r\n<li>Session-Cookies &#8211; sie verfallen, sobald Sie die Website in Ihrem Browser schlie\u00dfen. Sie werden nur w\u00e4hrend der Online-Sitzung verwendet und gespeichert.<\/li>\r\n<li>permanente Cookies &#8211; wenn Sie die Website in Ihrem Browser schlie\u00dfen, werden sie gespeichert und bleiben f\u00fcr die daf\u00fcr vorgesehene Zeitspanne erhalten. Jedes permanente Cookie kann f\u00fcr eine unterschiedliche Dauer gespeichert werden. Diese Cookies sind jedes Mal aktiv, wenn Sie unsere Website erneut besuchen.<\/li>\r\n<\/ol>\r\n\r\n\r\n\r\n<p><strong>ARTEN VON COOKIES JE NACH ZWECK<\/strong><\/p>\r\n\r\n\r\n\r\n<p>COOKIES, DIE F\u00dcR DAS FUNKTIONIEREN DER WEBSITE ERFORDERLICH SIND <br \/>Es handelt sich um Cookies, die f\u00fcr den ordnungsgem\u00e4\u00dfen Betrieb der Website erforderlich sind. <br \/>Sie haben nicht die M\u00f6glichkeit, deren Verwendung zuzustimmen oder zu widersprechen.<\/p>\r\n\r\n\r\n\r\n<figure class=\"wp-block-table\">\r\n<table>\r\n<tbody>\r\n<tr>\r\n<td><strong>Zweck<\/strong><\/td>\r\n<td><strong>Art der gespeicherten Daten <\/strong><\/td>\r\n<td><strong>Cookie<\/strong><\/td>\r\n<td><strong>Laufzeit<\/strong><\/td>\r\n<\/tr>\r\n<tr>\r\n<td>Audfforderung, Cookie-Einstellungen vorzunehmen<\/td>\r\n<td>Einwilligung oder keine Einwilligung f\u00fcr eine bestimmte Cookie-Art<\/td>\r\n<td>cookie_consent<\/td>\r\n<td>Ablauf nach 1 Jahr<\/td>\r\n<\/tr>\r\n<\/tbody>\r\n<\/table>\r\n<\/figure>\r\n\r\n\r\n\r\n<p><strong>ANALYTISCHE COOKIES<\/strong><\/p>\r\n\r\n\r\n\r\n<p>Cookies, die es einer Website erm\u00f6glichen, Informationen \u00fcber die Nutzung einer Website f\u00fcr analytische und statistische Zwecke zu sammeln.<\/p>\r\n\r\n\r\n\r\n<figure class=\"wp-block-table\">\r\n<table>\r\n<tbody>\r\n<tr>\r\n<td><strong>Zweck<\/strong><\/td>\r\n<td><strong>Art der gespeicherten Daten<\/strong><\/td>\r\n<td><strong>Cookie<\/strong><\/td>\r\n<td><strong>Laufzeit<\/strong><\/td>\r\n<\/tr>\r\n<tr>\r\n<td>Benutzeridentifizierung<\/td>\r\n<td>Benutzer-ID<\/td>\r\n<td>_ga<\/td>\r\n<td>Ablauf nach 2 Jahren<\/td>\r\n<\/tr>\r\n<tr>\r\n<td>Benutzeridentifizierung<\/td>\r\n<td>Benutzer-ID<\/td>\r\n<td>_gid<\/td>\r\n<td>Ablauf nach 24 Stunden<\/td>\r\n<\/tr>\r\n<tr>\r\n<td>Begrenzung der Anzahl von Fragen<\/td>\r\n<td>Logischer Begriff<\/td>\r\n<td>_gat_&lt;property-id&gt;<\/td>\r\n<td>Ablauf nach 1 Minute<\/td>\r\n<\/tr>\r\n<tr>\r\n<td>Facebook: zus\u00e4tzliche analytische Cookies<\/td>\r\n<td>Von Facebook geregelter Anwendungsbereich<\/td>\r\n<td>fr, presence, sb, wd, xs, locale, _e_<\/td>\r\n<td>Ablauf am Ende der Browser-Session oder 3 Monate<\/td>\r\n<\/tr>\r\n<\/tbody>\r\n<\/table>\r\n<\/figure>\r\n\r\n\r\n\r\n<p><strong>MARKETING- UND WERBE-COOKIES<\/strong><\/p>\r\n\r\n\r\n\r\n<p>Diese Cookies k\u00f6nnen von unseren Gesch\u00e4ftspartnern verwendet werden, insbesondere von Marketing-, Werbe- und Social-Media-Partnern. Sie k\u00f6nnen verwendet werden, um Ihre Auswahl zu personalisieren und spezifische Inhalte vorzuschlagen, unter anderem in sozialen Netzwerken, mit denen wir zusammenarbeiten oder ein Konto als unsere Organisation haben.<\/p>\r\n\r\n\r\n\r\n<figure class=\"wp-block-table\">\r\n<table>\r\n<tbody>\r\n<tr>\r\n<td><strong>Zweck<\/strong><\/td>\r\n<td><strong>Art der gespeicherten Daten<\/strong><\/td>\r\n<td><strong>Cookie<\/strong><\/td>\r\n<td><strong>Laufzeit<\/strong><\/td>\r\n<\/tr>\r\n<tr>\r\n<td>Facebook: Identifizierung der Benutzer-Session<\/td>\r\n<td>Benutzer-ID<\/td>\r\n<td>act<\/td>\r\n<td>Ablauf am Ende der Browser-Session<\/td>\r\n<\/tr>\r\n<tr>\r\n<td>Facebook: Verbindung zwischen den Aktivit\u00e4ten des Benutzers auf der Website und dem Facebook-Konto<\/td>\r\n<td>Benutzer-ID<\/td>\r\n<td>c_user<\/td>\r\n<td>Ablauf nach 90 Tagen ab der letzten Aktivit\u00e4t auf Facebook<\/td>\r\n<\/tr>\r\n<tr>\r\n<td>Facebook: Identifikation des Browsers<\/td>\r\n<td>Benutzer-ID<\/td>\r\n<td>datr<\/td>\r\n<td>Ablauf nach 2 Jahren<\/td>\r\n<\/tr>\r\n<\/tbody>\r\n<\/table>\r\n<\/figure>\r\n\r\n\r\n\r\n<p><strong>\u00c4NDERUNGEN DER COOKIE-RICHTLINIE<\/strong><\/p>\r\n\r\n\r\n\r\n<p>Aufgrund von \u00c4nderungen bei den verwendeten Cookies kann diese Cookie-Richtlinie aktualisiert werden. Die aktualisierte Cookie-Richtlinie gilt ab dem Datum ihrer Aktualisierung.<\/p>\r\n\r\n\r\n\r\n<p>Diese Cookie-Richtlinie ist auch Teil unserer Datenschutzerkl\u00e4rung, die als\u00a0<a href=\"https:\/\/rpower.energy\/de\/privacy-policy\/\">PRIVACY POLICY<\/a> verf\u00fcgbar ist.<\/p>\r\n\r\n\r\n\r\n<p><strong>IWENN SIE DIE EINSTELLUNGEN DER bei IHNEN gespeicherten COOKIES \u00c4NDERN WOLLEN KLICKEN SIE HIER \u2013 Einstellungen <\/strong><\/p>\r\n\r\n\r\n\r\n<p>Die meisten Browser akzeptieren Cookies automatisch. Sie k\u00f6nnen Sie jederzeit die von Ihnen gespeicherten permanenten Cookies l\u00f6schen, indem Sie die entsprechenden Einstellungen in Ihrem Browser vornehmen. Sie k\u00f6nnen Ihren Browser auch so konfigurieren, dass keine Cookies auf Ihrem Computer gespeichert werden oder stets ein Hinweis erscheint, bevor ein neuer Cookie angelegt wird. Die vollst\u00e4ndige Deaktivierung von Cookies kann jedoch dazu f\u00fchren, dass Sie nicht alle Funktionen unserer Website nutzen k\u00f6nnen.<\/p>\r\n\r\n\r\n\r\n<p>&nbsp;<\/p>\r\n\r\n<div id=\"gtx-trans\" style=\"position: absolute; left: -10px; top: 1398px;\">\r\n<div class=\"gtx-trans-icon\">\u00a0<\/div>\r\n<\/div>","protected":false},"excerpt":{"rendered":"<p>COOKIE-RICHTLINIE Cookies sind kleine Dateien, die auf Ihrem lokalen Rechner oder einem anderen Ger\u00e4t gespeichert werden, wenn Sie verschiedene Websites besuchen. Ein Cookie enth\u00e4lt, in der Regel, grundlegende Informationen \u00fcber die Website, von der es stammt, die vorgegebene Dauer der Speicherung des Cookies und eine eindeutige Zeichenfolge zur Identifizierung des Browsers in Verbindung mit dem &hellip; <a href=\"https:\/\/rpower.energy\/de\/cookie-richtlinie\/\">Continued<\/a><\/p>\n","protected":false},"author":1,"featured_media":0,"parent":0,"menu_order":0,"comment_status":"closed","ping_status":"closed","template":"","meta":{"_acf_changed":false,"footnotes":""},"class_list":["post-956","page","type-page","status-publish","hentry"],"acf":[],"yoast_head":"<!-- This site is optimized with the Yoast SEO plugin v27.4 - https:\/\/yoast.com\/product\/yoast-seo-wordpress\/ -->\n<title>COOKIE-RICHTLINIE - R.Power Renewables<\/title>\n<meta name=\"robots\" content=\"noindex, nofollow\" \/>\n<meta property=\"og:locale\" content=\"de_DE\" \/>\n<meta property=\"og:type\" content=\"article\" \/>\n<meta property=\"og:title\" content=\"COOKIE-RICHTLINIE - R.Power Renewables\" \/>\n<meta property=\"og:description\" content=\"COOKIE-RICHTLINIE Cookies sind kleine Dateien, die auf Ihrem lokalen Rechner oder einem anderen Ger\u00e4t gespeichert werden, wenn Sie verschiedene Websites besuchen. Ein Cookie enth\u00e4lt, in der Regel, grundlegende Informationen \u00fcber die Website, von der es stammt, die vorgegebene Dauer der Speicherung des Cookies und eine eindeutige Zeichenfolge zur Identifizierung des Browsers in Verbindung mit dem &hellip; Continued\" \/>\n<meta property=\"og:url\" content=\"https:\/\/rpower.energy\/de\/cookie-richtlinie\/\" \/>\n<meta property=\"og:site_name\" content=\"R.Power Renewables\" \/>\n<meta property=\"article:modified_time\" content=\"2022-12-20T09:18:24+00:00\" \/>\n<meta property=\"og:image\" content=\"https:\/\/rpower.energy\/app\/uploads\/2021\/04\/2020-05-05-18.58.01.jpg\" \/>\n\t<meta property=\"og:image:width\" content=\"1024\" \/>\n\t<meta property=\"og:image:height\" content=\"682\" \/>\n\t<meta property=\"og:image:type\" content=\"image\/jpeg\" \/>\n<meta name=\"twitter:card\" content=\"summary_large_image\" \/>\n<meta name=\"twitter:label1\" content=\"Est. reading time\" \/>\n\t<meta name=\"twitter:data1\" content=\"4 minutes\" \/>\n<script type=\"application\/ld+json\" class=\"yoast-schema-graph\">{\"@context\":\"https:\\\/\\\/schema.org\",\"@graph\":[{\"@type\":\"WebPage\",\"@id\":\"https:\\\/\\\/rpower.energy\\\/de\\\/cookie-richtlinie\\\/\",\"url\":\"https:\\\/\\\/rpower.energy\\\/de\\\/cookie-richtlinie\\\/\",\"name\":\"COOKIE-RICHTLINIE - R.Power Renewables\",\"isPartOf\":{\"@id\":\"https:\\\/\\\/rpower.energy\\\/de\\\/#website\"},\"datePublished\":\"2021-04-08T08:50:48+00:00\",\"dateModified\":\"2022-12-20T09:18:24+00:00\",\"breadcrumb\":{\"@id\":\"https:\\\/\\\/rpower.energy\\\/de\\\/cookie-richtlinie\\\/#breadcrumb\"},\"inLanguage\":\"de-DE\",\"potentialAction\":[{\"@type\":\"ReadAction\",\"target\":[\"https:\\\/\\\/rpower.energy\\\/de\\\/cookie-richtlinie\\\/\"]}]},{\"@type\":\"BreadcrumbList\",\"@id\":\"https:\\\/\\\/rpower.energy\\\/de\\\/cookie-richtlinie\\\/#breadcrumb\",\"itemListElement\":[{\"@type\":\"ListItem\",\"position\":1,\"name\":\"Home\",\"item\":\"https:\\\/\\\/rpower.energy\\\/de\\\/\"},{\"@type\":\"ListItem\",\"position\":2,\"name\":\"COOKIE-RICHTLINIE\"}]},{\"@type\":\"WebSite\",\"@id\":\"https:\\\/\\\/rpower.energy\\\/de\\\/#website\",\"url\":\"https:\\\/\\\/rpower.energy\\\/de\\\/\",\"name\":\"R.Power Renewables\",\"description\":\"The future of energy today.\",\"publisher\":{\"@id\":\"https:\\\/\\\/rpower.energy\\\/de\\\/#organization\"},\"potentialAction\":[{\"@type\":\"SearchAction\",\"target\":{\"@type\":\"EntryPoint\",\"urlTemplate\":\"https:\\\/\\\/rpower.energy\\\/de\\\/?s={search_term_string}\"},\"query-input\":{\"@type\":\"PropertyValueSpecification\",\"valueRequired\":true,\"valueName\":\"search_term_string\"}}],\"inLanguage\":\"de-DE\"},{\"@type\":\"Organization\",\"@id\":\"https:\\\/\\\/rpower.energy\\\/de\\\/#organization\",\"name\":\"R.Power Renewables\",\"url\":\"https:\\\/\\\/rpower.energy\\\/de\\\/\",\"logo\":{\"@type\":\"ImageObject\",\"inLanguage\":\"de-DE\",\"@id\":\"https:\\\/\\\/rpower.energy\\\/de\\\/#\\\/schema\\\/logo\\\/image\\\/\",\"url\":\"https:\\\/\\\/rpower.energy\\\/app\\\/uploads\\\/2021\\\/04\\\/favicon.png\",\"contentUrl\":\"https:\\\/\\\/rpower.energy\\\/app\\\/uploads\\\/2021\\\/04\\\/favicon.png\",\"width\":512,\"height\":512,\"caption\":\"R.Power Renewables\"},\"image\":{\"@id\":\"https:\\\/\\\/rpower.energy\\\/de\\\/#\\\/schema\\\/logo\\\/image\\\/\"},\"sameAs\":[\"https:\\\/\\\/pl.linkedin.com\\\/company\\\/r-power-polska\"]}]}<\/script>\n<!-- \/ Yoast SEO plugin. -->","yoast_head_json":{"title":"COOKIE-RICHTLINIE - R.Power Renewables","robots":{"index":"noindex","follow":"nofollow"},"og_locale":"de_DE","og_type":"article","og_title":"COOKIE-RICHTLINIE - R.Power Renewables","og_description":"COOKIE-RICHTLINIE Cookies sind kleine Dateien, die auf Ihrem lokalen Rechner oder einem anderen Ger\u00e4t gespeichert werden, wenn Sie verschiedene Websites besuchen. Ein Cookie enth\u00e4lt, in der Regel, grundlegende Informationen \u00fcber die Website, von der es stammt, die vorgegebene Dauer der Speicherung des Cookies und eine eindeutige Zeichenfolge zur Identifizierung des Browsers in Verbindung mit dem &hellip; Continued","og_url":"https:\/\/rpower.energy\/de\/cookie-richtlinie\/","og_site_name":"R.Power Renewables","article_modified_time":"2022-12-20T09:18:24+00:00","og_image":[{"width":1024,"height":682,"url":"https:\/\/rpower.energy\/app\/uploads\/2021\/04\/2020-05-05-18.58.01.jpg","type":"image\/jpeg"}],"twitter_card":"summary_large_image","twitter_misc":{"Est. reading time":"4 minutes"},"schema":{"@context":"https:\/\/schema.org","@graph":[{"@type":"WebPage","@id":"https:\/\/rpower.energy\/de\/cookie-richtlinie\/","url":"https:\/\/rpower.energy\/de\/cookie-richtlinie\/","name":"COOKIE-RICHTLINIE - R.Power Renewables","isPartOf":{"@id":"https:\/\/rpower.energy\/de\/#website"},"datePublished":"2021-04-08T08:50:48+00:00","dateModified":"2022-12-20T09:18:24+00:00","breadcrumb":{"@id":"https:\/\/rpower.energy\/de\/cookie-richtlinie\/#breadcrumb"},"inLanguage":"de-DE","potentialAction":[{"@type":"ReadAction","target":["https:\/\/rpower.energy\/de\/cookie-richtlinie\/"]}]},{"@type":"BreadcrumbList","@id":"https:\/\/rpower.energy\/de\/cookie-richtlinie\/#breadcrumb","itemListElement":[{"@type":"ListItem","position":1,"name":"Home","item":"https:\/\/rpower.energy\/de\/"},{"@type":"ListItem","position":2,"name":"COOKIE-RICHTLINIE"}]},{"@type":"WebSite","@id":"https:\/\/rpower.energy\/de\/#website","url":"https:\/\/rpower.energy\/de\/","name":"R.Power Renewables","description":"The future of energy today.","publisher":{"@id":"https:\/\/rpower.energy\/de\/#organization"},"potentialAction":[{"@type":"SearchAction","target":{"@type":"EntryPoint","urlTemplate":"https:\/\/rpower.energy\/de\/?s={search_term_string}"},"query-input":{"@type":"PropertyValueSpecification","valueRequired":true,"valueName":"search_term_string"}}],"inLanguage":"de-DE"},{"@type":"Organization","@id":"https:\/\/rpower.energy\/de\/#organization","name":"R.Power Renewables","url":"https:\/\/rpower.energy\/de\/","logo":{"@type":"ImageObject","inLanguage":"de-DE","@id":"https:\/\/rpower.energy\/de\/#\/schema\/logo\/image\/","url":"https:\/\/rpower.energy\/app\/uploads\/2021\/04\/favicon.png","contentUrl":"https:\/\/rpower.energy\/app\/uploads\/2021\/04\/favicon.png","width":512,"height":512,"caption":"R.Power Renewables"},"image":{"@id":"https:\/\/rpower.energy\/de\/#\/schema\/logo\/image\/"},"sameAs":["https:\/\/pl.linkedin.com\/company\/r-power-polska"]}]}},"_links":{"self":[{"href":"https:\/\/rpower.energy\/de\/wp-json\/wp\/v2\/pages\/956","targetHints":{"allow":["GET"]}}],"collection":[{"href":"https:\/\/rpower.energy\/de\/wp-json\/wp\/v2\/pages"}],"about":[{"href":"https:\/\/rpower.energy\/de\/wp-json\/wp\/v2\/types\/page"}],"author":[{"embeddable":true,"href":"https:\/\/rpower.energy\/de\/wp-json\/wp\/v2\/users\/1"}],"replies":[{"embeddable":true,"href":"https:\/\/rpower.energy\/de\/wp-json\/wp\/v2\/comments?post=956"}],"version-history":[{"count":3,"href":"https:\/\/rpower.energy\/de\/wp-json\/wp\/v2\/pages\/956\/revisions"}],"predecessor-version":[{"id":7979,"href":"https:\/\/rpower.energy\/de\/wp-json\/wp\/v2\/pages\/956\/revisions\/7979"}],"wp:attachment":[{"href":"https:\/\/rpower.energy\/de\/wp-json\/wp\/v2\/media?parent=956"}],"curies":[{"name":"wp","href":"https:\/\/api.w.org\/{rel}","templated":true}]}}