{"id":11333,"date":"2024-03-18T07:21:36","date_gmt":"2024-03-18T07:21:36","guid":{"rendered":"https:\/\/rpower.solar\/ppa\/our-experience\/"},"modified":"2025-04-10T11:10:49","modified_gmt":"2025-04-10T11:10:49","slug":"unsere-erfahrung","status":"publish","type":"page","link":"https:\/\/rpower.energy\/de\/ppa\/unsere-erfahrung\/","title":{"rendered":"Unsere Erfahrung"},"content":{"rendered":"<p><b>Beispiele unserer PPA&#8217;s<\/b><\/p>\n<div class=\"frag\">\n<h3>Im Jahr 2024 unterzeichnete R.Power einen cPPA mit der H&#038;M Group<\/h3>\n<p><span style=\"text-decoration: underline;\">Bedingungen<\/span><br \/>\nVolumen: 50 GWh<br \/>\nProjekt: Portfolio an PV-Projekten<br \/>\nTenor: 2026-2036<br \/>\nFormel: finanzieller PPA, PLN-Festpreis, Bezahlung nach Produktionswert<\/p>\n<div class=\"tlo\">\n<i>\u201eDie H&#038;M-Gruppe sucht seit mehreren Jahren nach M\u00f6glichkeiten, durch Stromabnahmevertr\u00e4ge (PPAs) zur Erh\u00f6hung des Anteils erneuerbarer Energien in globalen Stromnetzen beizutragen. Deshalb freuen wir uns sehr \u00fcber die Unterzeichnung unseres ersten Vertrags in Polen mit R.Power. Angesichts der Umweltauswirkungen der Modebranche sehen wir einen enormen Wert darin, zur Entwicklung sauberer Energien beizutragen.\u201d<\/i><\/p>\n<p>&#8211; sagte Ulrika Leverenz, Head of Green Investments at the H&#038;M Group.<\/p>\n<\/div>\n<\/div>\n<div class=\"frag\">\n<h3>In 2024 R.Power signed cPPA with LUX MED Group<\/h3>\n<p><span style=\"text-decoration: underline;\">Bedingungen<\/span><br \/>\nVolumen: \u00fcber 300 GWh<br \/>\nProjekt: Portfolio an PV-Projekten<br \/>\nTenor: 2025-2035<br \/>\nFormel: finanzieller PPA, PLN-Festpreis, Bezahlung nach Produktionswert<\/p>\n<div class=\"tlo\">\n<i>&#8220;Als Unternehmen, das sich seiner Auswirkungen auf die Umwelt bewusst ist, streben wir danach, die ehrgeizigen Ziele zu erreichen, die wir uns in unserer Strategie f\u00fcr nachhaltige Entwicklung gesetzt haben. Heute sind wir der Herausforderung, bis 2040 Netto-Null-Emissionen zu erreichen, einen gro\u00dfen Schritt n\u00e4her gekommen. Ich bin sehr stolz auf die Ergebnisse unserer Bem\u00fchungen und bin \u00fcberzeugt, dass sie nicht nur einen Meilenstein auf unserem Weg zu einem klimaneutralen Unternehmen darstellen, sondern auch als Inspiration f\u00fcr andere Unternehmen auf dem polnischen Markt dienen werden.&#8221; <\/i><\/p>\n<p>sagte Anna Rulkiewicz, President of the LUX MED Group<\/p>\n<\/div>\n<\/div>\n<div class=\"frag\">\n<h3>In 2023 R.Power signed physical cPPA with Orange Polska<\/h3>\n<p><span style=\"text-decoration: underline;\">Bedingungen<\/span><br \/>\nVolumen: \u00fcber 600 GWh<br \/>\nProjekt: Portfolio an PV-Projekten<br \/>\nTenor: 2024-2034<br \/>\nFormel: EUR-Festpreis, Bezahlung nach Produktionswert<\/p>\n<div class=\"tlo\">\n<i>&#8220;Dies ist unser n\u00e4chster Schritt in Richtung Null-Emissionen und eine weitere Vereinbarung im Rahmen der <strong>PPA<\/strong>-Formel (Power Purchase Agreement), jedoch die erste, die Photovoltaik in einem so bedeutenden Umfang betrifft. Dank der im Rahmen dieser Zusammenarbeit gesicherten Energie werden erneuerbare Quellen in den kommenden Jahren au\u00dferdem mindestens 65 % unseres Stromverbrauchs ausmachen (&#8230;)&#8221;<\/i><\/p>\n<p>Liudmila Climoc, CEO Orange Polska<\/p>\n<\/div>\n<\/div>\n<div class=\"frag\">\n<h3>In 2023 R.Power signed financial cPPA with Allegro<\/h3>\n<p><span style=\"text-decoration: underline;\">Bedingungen<\/span><br \/>\nVolumen: \u00fcber 200 GWh<br \/>\nProjekt: Portfolio an PV-Projekten<br \/>\nTenor: 2025-2035<\/p>\n<div class=\"tlo\">\n<i>&#8220;Als Allegro haben wir uns nicht nur den Preis f\u00fcr ein GWh-Energiepaket gesichert, das den Jahresbedarf von 100.000 Haushalten decken k\u00f6nnte, sondern auch die Umsetzung unserer Klimaziele. (\u2026) Die Vereinbarung mit R.Power ist Teil unseres Dekarbonisierungsplans, in dessen Rahmen wir uns verpflichtet haben, die Emissionen in unserem eigenen Betrieb bis 2021 um 38 % zu reduzieren.&#8221;<\/i><\/p>\n<p>Anna Gor\u0105czka, Group Sustainability &amp; ESG Manager w Allegro<\/p>\n<\/div>\n<\/div>\n","protected":false},"excerpt":{"rendered":"<p>Beispiele unserer PPA&#8217;s Im Jahr 2024 unterzeichnete R.Power einen cPPA mit der H&#038;M Group Bedingungen Volumen: 50 GWh Projekt: Portfolio an PV-Projekten Tenor: 2026-2036 Formel: finanzieller PPA, PLN-Festpreis, Bezahlung nach Produktionswert \u201eDie H&#038;M-Gruppe sucht seit mehreren Jahren nach M\u00f6glichkeiten, durch Stromabnahmevertr\u00e4ge (PPAs) zur Erh\u00f6hung des Anteils erneuerbarer Energien in globalen Stromnetzen beizutragen. Deshalb freuen wir &hellip; <a href=\"https:\/\/rpower.energy\/de\/ppa\/unsere-erfahrung\/\">Continued<\/a><\/p>\n","protected":false},"author":10,"featured_media":0,"parent":11303,"menu_order":0,"comment_status":"closed","ping_status":"closed","template":"views\/template-ppa.blade.php","meta":{"_acf_changed":false,"footnotes":""},"class_list":["post-11333","page","type-page","status-publish","hentry"],"acf":[],"yoast_head":"<!-- This site is optimized with the Yoast SEO plugin v27.3 - https:\/\/yoast.com\/product\/yoast-seo-wordpress\/ -->\n<title>Unsere Erfahrung - R.Power Renewables<\/title>\n<meta name=\"robots\" content=\"index, follow, max-snippet:-1, max-image-preview:large, max-video-preview:-1\" \/>\n<link rel=\"canonical\" href=\"https:\/\/rpower.energy\/de\/ppa\/unsere-erfahrung\/\" \/>\n<meta property=\"og:locale\" content=\"de_DE\" \/>\n<meta property=\"og:type\" content=\"article\" \/>\n<meta property=\"og:title\" content=\"Unsere Erfahrung - R.Power Renewables\" \/>\n<meta property=\"og:description\" content=\"Beispiele unserer PPA&#8217;s Im Jahr 2024 unterzeichnete R.Power einen cPPA mit der H&#038;M Group Bedingungen Volumen: 50 GWh Projekt: Portfolio an PV-Projekten Tenor: 2026-2036 Formel: finanzieller PPA, PLN-Festpreis, Bezahlung nach Produktionswert \u201eDie H&#038;M-Gruppe sucht seit mehreren Jahren nach M\u00f6glichkeiten, durch Stromabnahmevertr\u00e4ge (PPAs) zur Erh\u00f6hung des Anteils erneuerbarer Energien in globalen Stromnetzen beizutragen. Deshalb freuen wir &hellip; Continued\" \/>\n<meta property=\"og:url\" content=\"https:\/\/rpower.energy\/de\/ppa\/unsere-erfahrung\/\" \/>\n<meta property=\"og:site_name\" content=\"R.Power Renewables\" \/>\n<meta property=\"article:modified_time\" content=\"2025-04-10T11:10:49+00:00\" \/>\n<meta property=\"og:image\" content=\"https:\/\/rpower.energy\/app\/uploads\/2021\/04\/2020-05-05-18.58.01.jpg\" \/>\n\t<meta property=\"og:image:width\" content=\"1024\" \/>\n\t<meta property=\"og:image:height\" content=\"682\" \/>\n\t<meta property=\"og:image:type\" content=\"image\/jpeg\" \/>\n<meta name=\"twitter:card\" content=\"summary_large_image\" \/>\n<meta name=\"twitter:label1\" content=\"Est. reading time\" \/>\n\t<meta name=\"twitter:data1\" content=\"3 minutes\" \/>\n<script type=\"application\/ld+json\" class=\"yoast-schema-graph\">{\"@context\":\"https:\\\/\\\/schema.org\",\"@graph\":[{\"@type\":\"WebPage\",\"@id\":\"https:\\\/\\\/rpower.energy\\\/de\\\/ppa\\\/unsere-erfahrung\\\/\",\"url\":\"https:\\\/\\\/rpower.energy\\\/de\\\/ppa\\\/unsere-erfahrung\\\/\",\"name\":\"Unsere Erfahrung - R.Power Renewables\",\"isPartOf\":{\"@id\":\"https:\\\/\\\/rpower.energy\\\/de\\\/#website\"},\"datePublished\":\"2024-03-18T07:21:36+00:00\",\"dateModified\":\"2025-04-10T11:10:49+00:00\",\"breadcrumb\":{\"@id\":\"https:\\\/\\\/rpower.energy\\\/de\\\/ppa\\\/unsere-erfahrung\\\/#breadcrumb\"},\"inLanguage\":\"de-DE\",\"potentialAction\":[{\"@type\":\"ReadAction\",\"target\":[\"https:\\\/\\\/rpower.energy\\\/de\\\/ppa\\\/unsere-erfahrung\\\/\"]}]},{\"@type\":\"BreadcrumbList\",\"@id\":\"https:\\\/\\\/rpower.energy\\\/de\\\/ppa\\\/unsere-erfahrung\\\/#breadcrumb\",\"itemListElement\":[{\"@type\":\"ListItem\",\"position\":1,\"name\":\"Home\",\"item\":\"https:\\\/\\\/rpower.energy\\\/de\\\/\"},{\"@type\":\"ListItem\",\"position\":2,\"name\":\"PPA\",\"item\":\"https:\\\/\\\/rpower.energy\\\/de\\\/ppa\\\/\"},{\"@type\":\"ListItem\",\"position\":3,\"name\":\"Unsere Erfahrung\"}]},{\"@type\":\"WebSite\",\"@id\":\"https:\\\/\\\/rpower.energy\\\/de\\\/#website\",\"url\":\"https:\\\/\\\/rpower.energy\\\/de\\\/\",\"name\":\"R.Power Renewables\",\"description\":\"The future of energy today.\",\"publisher\":{\"@id\":\"https:\\\/\\\/rpower.energy\\\/de\\\/#organization\"},\"potentialAction\":[{\"@type\":\"SearchAction\",\"target\":{\"@type\":\"EntryPoint\",\"urlTemplate\":\"https:\\\/\\\/rpower.energy\\\/de\\\/?s={search_term_string}\"},\"query-input\":{\"@type\":\"PropertyValueSpecification\",\"valueRequired\":true,\"valueName\":\"search_term_string\"}}],\"inLanguage\":\"de-DE\"},{\"@type\":\"Organization\",\"@id\":\"https:\\\/\\\/rpower.energy\\\/de\\\/#organization\",\"name\":\"R.Power Renewables\",\"url\":\"https:\\\/\\\/rpower.energy\\\/de\\\/\",\"logo\":{\"@type\":\"ImageObject\",\"inLanguage\":\"de-DE\",\"@id\":\"https:\\\/\\\/rpower.energy\\\/de\\\/#\\\/schema\\\/logo\\\/image\\\/\",\"url\":\"https:\\\/\\\/rpower.energy\\\/app\\\/uploads\\\/2021\\\/04\\\/favicon.png\",\"contentUrl\":\"https:\\\/\\\/rpower.energy\\\/app\\\/uploads\\\/2021\\\/04\\\/favicon.png\",\"width\":512,\"height\":512,\"caption\":\"R.Power Renewables\"},\"image\":{\"@id\":\"https:\\\/\\\/rpower.energy\\\/de\\\/#\\\/schema\\\/logo\\\/image\\\/\"},\"sameAs\":[\"https:\\\/\\\/pl.linkedin.com\\\/company\\\/r-power-polska\"]}]}<\/script>\n<!-- \/ Yoast SEO plugin. -->","yoast_head_json":{"title":"Unsere Erfahrung - R.Power Renewables","robots":{"index":"index","follow":"follow","max-snippet":"max-snippet:-1","max-image-preview":"max-image-preview:large","max-video-preview":"max-video-preview:-1"},"canonical":"https:\/\/rpower.energy\/de\/ppa\/unsere-erfahrung\/","og_locale":"de_DE","og_type":"article","og_title":"Unsere Erfahrung - R.Power Renewables","og_description":"Beispiele unserer PPA&#8217;s Im Jahr 2024 unterzeichnete R.Power einen cPPA mit der H&#038;M Group Bedingungen Volumen: 50 GWh Projekt: Portfolio an PV-Projekten Tenor: 2026-2036 Formel: finanzieller PPA, PLN-Festpreis, Bezahlung nach Produktionswert \u201eDie H&#038;M-Gruppe sucht seit mehreren Jahren nach M\u00f6glichkeiten, durch Stromabnahmevertr\u00e4ge (PPAs) zur Erh\u00f6hung des Anteils erneuerbarer Energien in globalen Stromnetzen beizutragen. Deshalb freuen wir &hellip; Continued","og_url":"https:\/\/rpower.energy\/de\/ppa\/unsere-erfahrung\/","og_site_name":"R.Power Renewables","article_modified_time":"2025-04-10T11:10:49+00:00","og_image":[{"width":1024,"height":682,"url":"https:\/\/rpower.energy\/app\/uploads\/2021\/04\/2020-05-05-18.58.01.jpg","type":"image\/jpeg"}],"twitter_card":"summary_large_image","twitter_misc":{"Est. reading time":"3 minutes"},"schema":{"@context":"https:\/\/schema.org","@graph":[{"@type":"WebPage","@id":"https:\/\/rpower.energy\/de\/ppa\/unsere-erfahrung\/","url":"https:\/\/rpower.energy\/de\/ppa\/unsere-erfahrung\/","name":"Unsere Erfahrung - R.Power Renewables","isPartOf":{"@id":"https:\/\/rpower.energy\/de\/#website"},"datePublished":"2024-03-18T07:21:36+00:00","dateModified":"2025-04-10T11:10:49+00:00","breadcrumb":{"@id":"https:\/\/rpower.energy\/de\/ppa\/unsere-erfahrung\/#breadcrumb"},"inLanguage":"de-DE","potentialAction":[{"@type":"ReadAction","target":["https:\/\/rpower.energy\/de\/ppa\/unsere-erfahrung\/"]}]},{"@type":"BreadcrumbList","@id":"https:\/\/rpower.energy\/de\/ppa\/unsere-erfahrung\/#breadcrumb","itemListElement":[{"@type":"ListItem","position":1,"name":"Home","item":"https:\/\/rpower.energy\/de\/"},{"@type":"ListItem","position":2,"name":"PPA","item":"https:\/\/rpower.energy\/de\/ppa\/"},{"@type":"ListItem","position":3,"name":"Unsere Erfahrung"}]},{"@type":"WebSite","@id":"https:\/\/rpower.energy\/de\/#website","url":"https:\/\/rpower.energy\/de\/","name":"R.Power Renewables","description":"The future of energy today.","publisher":{"@id":"https:\/\/rpower.energy\/de\/#organization"},"potentialAction":[{"@type":"SearchAction","target":{"@type":"EntryPoint","urlTemplate":"https:\/\/rpower.energy\/de\/?s={search_term_string}"},"query-input":{"@type":"PropertyValueSpecification","valueRequired":true,"valueName":"search_term_string"}}],"inLanguage":"de-DE"},{"@type":"Organization","@id":"https:\/\/rpower.energy\/de\/#organization","name":"R.Power Renewables","url":"https:\/\/rpower.energy\/de\/","logo":{"@type":"ImageObject","inLanguage":"de-DE","@id":"https:\/\/rpower.energy\/de\/#\/schema\/logo\/image\/","url":"https:\/\/rpower.energy\/app\/uploads\/2021\/04\/favicon.png","contentUrl":"https:\/\/rpower.energy\/app\/uploads\/2021\/04\/favicon.png","width":512,"height":512,"caption":"R.Power Renewables"},"image":{"@id":"https:\/\/rpower.energy\/de\/#\/schema\/logo\/image\/"},"sameAs":["https:\/\/pl.linkedin.com\/company\/r-power-polska"]}]}},"_links":{"self":[{"href":"https:\/\/rpower.energy\/de\/wp-json\/wp\/v2\/pages\/11333","targetHints":{"allow":["GET"]}}],"collection":[{"href":"https:\/\/rpower.energy\/de\/wp-json\/wp\/v2\/pages"}],"about":[{"href":"https:\/\/rpower.energy\/de\/wp-json\/wp\/v2\/types\/page"}],"author":[{"embeddable":true,"href":"https:\/\/rpower.energy\/de\/wp-json\/wp\/v2\/users\/10"}],"replies":[{"embeddable":true,"href":"https:\/\/rpower.energy\/de\/wp-json\/wp\/v2\/comments?post=11333"}],"version-history":[{"count":7,"href":"https:\/\/rpower.energy\/de\/wp-json\/wp\/v2\/pages\/11333\/revisions"}],"predecessor-version":[{"id":13240,"href":"https:\/\/rpower.energy\/de\/wp-json\/wp\/v2\/pages\/11333\/revisions\/13240"}],"up":[{"embeddable":true,"href":"https:\/\/rpower.energy\/de\/wp-json\/wp\/v2\/pages\/11303"}],"wp:attachment":[{"href":"https:\/\/rpower.energy\/de\/wp-json\/wp\/v2\/media?parent=11333"}],"curies":[{"name":"wp","href":"https:\/\/api.w.org\/{rel}","templated":true}]}}