{"id":11323,"date":"2024-03-18T07:10:58","date_gmt":"2024-03-18T07:10:58","guid":{"rendered":"https:\/\/rpower.solar\/ppa\/our-offer\/"},"modified":"2025-04-10T11:04:54","modified_gmt":"2025-04-10T11:04:54","slug":"unser-angebot","status":"publish","type":"page","link":"https:\/\/rpower.energy\/de\/ppa\/unser-angebot\/","title":{"rendered":"Unser Angebot"},"content":{"rendered":"<ul class=\"list\">\n<li>Die Erfolgsbilanz der Gruppe umfasst rund <strong>2,2 GW<\/strong> an erneuerbaren Energien mit Netzgenehmigung, weitere <strong>21 GW<\/strong> PV und Speicher sind in Planung<\/li>\n<li>R.Power hat \u00fcber <strong>700 MWp<\/strong> an PV-Anlagen \u00fcber <strong>cPPAs<\/strong> und Auktionen in Polen kommerzialisiert<\/li>\n<li>Mehr als <strong>400 MWp<\/strong> stehen zur Vermarktung zur Verf\u00fcgung, mit <strong>PPA<\/strong>-Startterminen innerhalb der n\u00e4chsten 3 Jahre<\/li>\n<\/ul>\n<p style=\"text-align: left;\"><img decoding=\"async\" class=\"alignnone wp-image-11373 size-full\" src=\"https:\/\/rpower.energy\/app\/uploads\/2024\/03\/mapa.png\" alt=\"\" width=\"1400\" \/><\/p>\n<h3 class=\"green\">Details zum PPA-Angebot<\/h3>\n<ul class=\"list\">\n<li>Energiepreis: <strong>Festpreis (optional indexiert) oder diskontierter SPOT-Preis mit Mindest- und H\u00f6chstpreis<\/strong><\/li>\n<li>Menge: <strong>mindestens 20 GWh\/a<\/strong><\/li>\n<li>Mengenformel: <strong>Pay-as-produced<\/strong><\/li>\n<li>Vertragslaufzeit: <strong>10\u201320 Jahre<\/strong><\/li>\n<li>Startdatum des <strong>PPA<\/strong>: <strong>2025\u20132027<\/strong><\/li>\n<li>Vertragsart: <strong>virtuell oder physisch<\/strong><\/li>\n<li>Herkunftsgarantien: <strong>Festpreis<\/strong><\/li>\n<li>Kraftwerksstandorte: <strong>verschiedene, in ganz Polen\/Rum\u00e4nien\/Deutschland\/Spanien\/Portugal<\/strong><\/li>\n<li>Technologie: <strong>photovoltaik<\/strong><\/li>\n<li>Wert der Sicherheiten: <strong>erforderlich, Betrag zu besprechen (als Richtwert \u2013 j\u00e4hrlicher Vertragswert)<\/strong><\/li>\n<li>R. Power Sicherheiten: <strong>Bankb\u00fcrgschaft, PCG f\u00fcr die \u00dcbergangszeit<\/strong><\/li>\n<li>Sicherheiten des Abnehmers: <strong>Bankb\u00fcrgschaft<\/strong><\/li>\n<li>Zus\u00e4tzlichkeit: <strong>Der PPA sichert den Bau und die Finanzierung neuer erneuerbarer Energien.<\/strong><\/li>\n<li>H\u00f6here <strong>ESG-Standards<\/strong> einschlie\u00dflich einer Anti-Sklaverei-Richtlinie f\u00fcr alle CAPEX-Beschaffungen<\/li>\n<\/ul>\n<h3 class=\"green\">R.Power bietet zwei Preismodelle an<\/h3>\n<ul class=\"list\">\n<li>Festpreis f\u00fcr Energie und <strong>GoOs<\/strong><\/li>\n<li>Variabler Preis (rabattierter TGE-Stundenpreis f\u00fcr den n\u00e4chsten Tag) mit Mindestpreis f\u00fcr Energie und Festpreis f\u00fcr <strong>GoOs<\/strong><\/li>\n<\/ul>\n<p>Der Abnehmer kann ein passenderes Preismodell w\u00e4hlen, das seiner Energieeinkaufsstrategie entspricht. Der <strong>PPA<\/strong> garantiert den Preis bzw. das Preisniveau langfristig. Der Abnehmer sollte zudem ber\u00fccksichtigen, dass der Preis f\u00fcr die gesamte <strong>PPA<\/strong>-Laufzeit ohne Indexierung im Basisangebot festgelegt ist. Dadurch profitiert der Abnehmer langfristig von der Inflation.<\/p>\n","protected":false},"excerpt":{"rendered":"<p>Die Erfolgsbilanz der Gruppe umfasst rund 2,2 GW an erneuerbaren Energien mit Netzgenehmigung, weitere 21 GW PV und Speicher sind in Planung R.Power hat \u00fcber 700 MWp an PV-Anlagen \u00fcber cPPAs und Auktionen in Polen kommerzialisiert Mehr als 400 MWp stehen zur Vermarktung zur Verf\u00fcgung, mit PPA-Startterminen innerhalb der n\u00e4chsten 3 Jahre Details zum PPA-Angebot &hellip; <a href=\"https:\/\/rpower.energy\/de\/ppa\/unser-angebot\/\">Continued<\/a><\/p>\n","protected":false},"author":10,"featured_media":0,"parent":11303,"menu_order":0,"comment_status":"closed","ping_status":"closed","template":"views\/template-ppa.blade.php","meta":{"_acf_changed":false,"footnotes":""},"class_list":["post-11323","page","type-page","status-publish","hentry"],"acf":[],"yoast_head":"<!-- This site is optimized with the Yoast SEO plugin v27.3 - https:\/\/yoast.com\/product\/yoast-seo-wordpress\/ -->\n<title>Unser Angebot - R.Power Renewables<\/title>\n<meta name=\"robots\" content=\"index, follow, max-snippet:-1, max-image-preview:large, max-video-preview:-1\" \/>\n<link rel=\"canonical\" href=\"https:\/\/rpower.energy\/de\/ppa\/unser-angebot\/\" \/>\n<meta property=\"og:locale\" content=\"de_DE\" \/>\n<meta property=\"og:type\" content=\"article\" \/>\n<meta property=\"og:title\" content=\"Unser Angebot - R.Power Renewables\" \/>\n<meta property=\"og:description\" content=\"Die Erfolgsbilanz der Gruppe umfasst rund 2,2 GW an erneuerbaren Energien mit Netzgenehmigung, weitere 21 GW PV und Speicher sind in Planung R.Power hat \u00fcber 700 MWp an PV-Anlagen \u00fcber cPPAs und Auktionen in Polen kommerzialisiert Mehr als 400 MWp stehen zur Vermarktung zur Verf\u00fcgung, mit PPA-Startterminen innerhalb der n\u00e4chsten 3 Jahre Details zum PPA-Angebot &hellip; Continued\" \/>\n<meta property=\"og:url\" content=\"https:\/\/rpower.energy\/de\/ppa\/unser-angebot\/\" \/>\n<meta property=\"og:site_name\" content=\"R.Power Renewables\" \/>\n<meta property=\"article:modified_time\" content=\"2025-04-10T11:04:54+00:00\" \/>\n<meta property=\"og:image\" content=\"https:\/\/rpower.energy\/app\/uploads\/2024\/03\/mapa.png\" \/>\n<meta name=\"twitter:card\" content=\"summary_large_image\" \/>\n<meta name=\"twitter:label1\" content=\"Est. reading time\" \/>\n\t<meta name=\"twitter:data1\" content=\"2 minutes\" \/>\n<script type=\"application\/ld+json\" class=\"yoast-schema-graph\">{\"@context\":\"https:\\\/\\\/schema.org\",\"@graph\":[{\"@type\":\"WebPage\",\"@id\":\"https:\\\/\\\/rpower.energy\\\/de\\\/ppa\\\/unser-angebot\\\/\",\"url\":\"https:\\\/\\\/rpower.energy\\\/de\\\/ppa\\\/unser-angebot\\\/\",\"name\":\"Unser Angebot - R.Power Renewables\",\"isPartOf\":{\"@id\":\"https:\\\/\\\/rpower.energy\\\/de\\\/#website\"},\"primaryImageOfPage\":{\"@id\":\"https:\\\/\\\/rpower.energy\\\/de\\\/ppa\\\/unser-angebot\\\/#primaryimage\"},\"image\":{\"@id\":\"https:\\\/\\\/rpower.energy\\\/de\\\/ppa\\\/unser-angebot\\\/#primaryimage\"},\"thumbnailUrl\":\"https:\\\/\\\/rpower.energy\\\/app\\\/uploads\\\/2024\\\/03\\\/mapa.png\",\"datePublished\":\"2024-03-18T07:10:58+00:00\",\"dateModified\":\"2025-04-10T11:04:54+00:00\",\"breadcrumb\":{\"@id\":\"https:\\\/\\\/rpower.energy\\\/de\\\/ppa\\\/unser-angebot\\\/#breadcrumb\"},\"inLanguage\":\"de-DE\",\"potentialAction\":[{\"@type\":\"ReadAction\",\"target\":[\"https:\\\/\\\/rpower.energy\\\/de\\\/ppa\\\/unser-angebot\\\/\"]}]},{\"@type\":\"ImageObject\",\"inLanguage\":\"de-DE\",\"@id\":\"https:\\\/\\\/rpower.energy\\\/de\\\/ppa\\\/unser-angebot\\\/#primaryimage\",\"url\":\"https:\\\/\\\/rpower.energy\\\/app\\\/uploads\\\/2024\\\/03\\\/mapa.png\",\"contentUrl\":\"https:\\\/\\\/rpower.energy\\\/app\\\/uploads\\\/2024\\\/03\\\/mapa.png\"},{\"@type\":\"BreadcrumbList\",\"@id\":\"https:\\\/\\\/rpower.energy\\\/de\\\/ppa\\\/unser-angebot\\\/#breadcrumb\",\"itemListElement\":[{\"@type\":\"ListItem\",\"position\":1,\"name\":\"Home\",\"item\":\"https:\\\/\\\/rpower.energy\\\/de\\\/\"},{\"@type\":\"ListItem\",\"position\":2,\"name\":\"PPA\",\"item\":\"https:\\\/\\\/rpower.energy\\\/de\\\/ppa\\\/\"},{\"@type\":\"ListItem\",\"position\":3,\"name\":\"Unser Angebot\"}]},{\"@type\":\"WebSite\",\"@id\":\"https:\\\/\\\/rpower.energy\\\/de\\\/#website\",\"url\":\"https:\\\/\\\/rpower.energy\\\/de\\\/\",\"name\":\"R.Power Renewables\",\"description\":\"The future of energy today.\",\"publisher\":{\"@id\":\"https:\\\/\\\/rpower.energy\\\/de\\\/#organization\"},\"potentialAction\":[{\"@type\":\"SearchAction\",\"target\":{\"@type\":\"EntryPoint\",\"urlTemplate\":\"https:\\\/\\\/rpower.energy\\\/de\\\/?s={search_term_string}\"},\"query-input\":{\"@type\":\"PropertyValueSpecification\",\"valueRequired\":true,\"valueName\":\"search_term_string\"}}],\"inLanguage\":\"de-DE\"},{\"@type\":\"Organization\",\"@id\":\"https:\\\/\\\/rpower.energy\\\/de\\\/#organization\",\"name\":\"R.Power Renewables\",\"url\":\"https:\\\/\\\/rpower.energy\\\/de\\\/\",\"logo\":{\"@type\":\"ImageObject\",\"inLanguage\":\"de-DE\",\"@id\":\"https:\\\/\\\/rpower.energy\\\/de\\\/#\\\/schema\\\/logo\\\/image\\\/\",\"url\":\"https:\\\/\\\/rpower.energy\\\/app\\\/uploads\\\/2021\\\/04\\\/favicon.png\",\"contentUrl\":\"https:\\\/\\\/rpower.energy\\\/app\\\/uploads\\\/2021\\\/04\\\/favicon.png\",\"width\":512,\"height\":512,\"caption\":\"R.Power Renewables\"},\"image\":{\"@id\":\"https:\\\/\\\/rpower.energy\\\/de\\\/#\\\/schema\\\/logo\\\/image\\\/\"},\"sameAs\":[\"https:\\\/\\\/pl.linkedin.com\\\/company\\\/r-power-polska\"]}]}<\/script>\n<!-- \/ Yoast SEO plugin. -->","yoast_head_json":{"title":"Unser Angebot - R.Power Renewables","robots":{"index":"index","follow":"follow","max-snippet":"max-snippet:-1","max-image-preview":"max-image-preview:large","max-video-preview":"max-video-preview:-1"},"canonical":"https:\/\/rpower.energy\/de\/ppa\/unser-angebot\/","og_locale":"de_DE","og_type":"article","og_title":"Unser Angebot - R.Power Renewables","og_description":"Die Erfolgsbilanz der Gruppe umfasst rund 2,2 GW an erneuerbaren Energien mit Netzgenehmigung, weitere 21 GW PV und Speicher sind in Planung R.Power hat \u00fcber 700 MWp an PV-Anlagen \u00fcber cPPAs und Auktionen in Polen kommerzialisiert Mehr als 400 MWp stehen zur Vermarktung zur Verf\u00fcgung, mit PPA-Startterminen innerhalb der n\u00e4chsten 3 Jahre Details zum PPA-Angebot &hellip; Continued","og_url":"https:\/\/rpower.energy\/de\/ppa\/unser-angebot\/","og_site_name":"R.Power Renewables","article_modified_time":"2025-04-10T11:04:54+00:00","og_image":[{"url":"https:\/\/rpower.energy\/app\/uploads\/2024\/03\/mapa.png","type":"","width":"","height":""}],"twitter_card":"summary_large_image","twitter_misc":{"Est. reading time":"2 minutes"},"schema":{"@context":"https:\/\/schema.org","@graph":[{"@type":"WebPage","@id":"https:\/\/rpower.energy\/de\/ppa\/unser-angebot\/","url":"https:\/\/rpower.energy\/de\/ppa\/unser-angebot\/","name":"Unser Angebot - R.Power Renewables","isPartOf":{"@id":"https:\/\/rpower.energy\/de\/#website"},"primaryImageOfPage":{"@id":"https:\/\/rpower.energy\/de\/ppa\/unser-angebot\/#primaryimage"},"image":{"@id":"https:\/\/rpower.energy\/de\/ppa\/unser-angebot\/#primaryimage"},"thumbnailUrl":"https:\/\/rpower.energy\/app\/uploads\/2024\/03\/mapa.png","datePublished":"2024-03-18T07:10:58+00:00","dateModified":"2025-04-10T11:04:54+00:00","breadcrumb":{"@id":"https:\/\/rpower.energy\/de\/ppa\/unser-angebot\/#breadcrumb"},"inLanguage":"de-DE","potentialAction":[{"@type":"ReadAction","target":["https:\/\/rpower.energy\/de\/ppa\/unser-angebot\/"]}]},{"@type":"ImageObject","inLanguage":"de-DE","@id":"https:\/\/rpower.energy\/de\/ppa\/unser-angebot\/#primaryimage","url":"https:\/\/rpower.energy\/app\/uploads\/2024\/03\/mapa.png","contentUrl":"https:\/\/rpower.energy\/app\/uploads\/2024\/03\/mapa.png"},{"@type":"BreadcrumbList","@id":"https:\/\/rpower.energy\/de\/ppa\/unser-angebot\/#breadcrumb","itemListElement":[{"@type":"ListItem","position":1,"name":"Home","item":"https:\/\/rpower.energy\/de\/"},{"@type":"ListItem","position":2,"name":"PPA","item":"https:\/\/rpower.energy\/de\/ppa\/"},{"@type":"ListItem","position":3,"name":"Unser Angebot"}]},{"@type":"WebSite","@id":"https:\/\/rpower.energy\/de\/#website","url":"https:\/\/rpower.energy\/de\/","name":"R.Power Renewables","description":"The future of energy today.","publisher":{"@id":"https:\/\/rpower.energy\/de\/#organization"},"potentialAction":[{"@type":"SearchAction","target":{"@type":"EntryPoint","urlTemplate":"https:\/\/rpower.energy\/de\/?s={search_term_string}"},"query-input":{"@type":"PropertyValueSpecification","valueRequired":true,"valueName":"search_term_string"}}],"inLanguage":"de-DE"},{"@type":"Organization","@id":"https:\/\/rpower.energy\/de\/#organization","name":"R.Power Renewables","url":"https:\/\/rpower.energy\/de\/","logo":{"@type":"ImageObject","inLanguage":"de-DE","@id":"https:\/\/rpower.energy\/de\/#\/schema\/logo\/image\/","url":"https:\/\/rpower.energy\/app\/uploads\/2021\/04\/favicon.png","contentUrl":"https:\/\/rpower.energy\/app\/uploads\/2021\/04\/favicon.png","width":512,"height":512,"caption":"R.Power Renewables"},"image":{"@id":"https:\/\/rpower.energy\/de\/#\/schema\/logo\/image\/"},"sameAs":["https:\/\/pl.linkedin.com\/company\/r-power-polska"]}]}},"_links":{"self":[{"href":"https:\/\/rpower.energy\/de\/wp-json\/wp\/v2\/pages\/11323","targetHints":{"allow":["GET"]}}],"collection":[{"href":"https:\/\/rpower.energy\/de\/wp-json\/wp\/v2\/pages"}],"about":[{"href":"https:\/\/rpower.energy\/de\/wp-json\/wp\/v2\/types\/page"}],"author":[{"embeddable":true,"href":"https:\/\/rpower.energy\/de\/wp-json\/wp\/v2\/users\/10"}],"replies":[{"embeddable":true,"href":"https:\/\/rpower.energy\/de\/wp-json\/wp\/v2\/comments?post=11323"}],"version-history":[{"count":4,"href":"https:\/\/rpower.energy\/de\/wp-json\/wp\/v2\/pages\/11323\/revisions"}],"predecessor-version":[{"id":13237,"href":"https:\/\/rpower.energy\/de\/wp-json\/wp\/v2\/pages\/11323\/revisions\/13237"}],"up":[{"embeddable":true,"href":"https:\/\/rpower.energy\/de\/wp-json\/wp\/v2\/pages\/11303"}],"wp:attachment":[{"href":"https:\/\/rpower.energy\/de\/wp-json\/wp\/v2\/media?parent=11323"}],"curies":[{"name":"wp","href":"https:\/\/api.w.org\/{rel}","templated":true}]}}