{"id":11312,"date":"2024-03-15T11:54:25","date_gmt":"2024-03-15T11:54:25","guid":{"rendered":"https:\/\/rpower.solar\/ppa\/about-ppa\/"},"modified":"2025-04-22T10:32:52","modified_gmt":"2025-04-22T10:32:52","slug":"ueber-ppas","status":"publish","type":"page","link":"https:\/\/rpower.energy\/de\/ppa\/ueber-ppas\/","title":{"rendered":"\u00dcber PPAs"},"content":{"rendered":"<ul class=\"list\">\n<li>Ein <strong>Power Purchase Agreement<\/strong> <strong>(PPA)<\/strong> ist ein Vertrag zwischen einem Stromerzeuger (Verk\u00e4ufer) und einem Energieverbraucher (K\u00e4ufer). Der Vertrag definiert die Bedingungen f\u00fcr den Kauf von Energie aus erneuerbaren Quellen, einschlie\u00dflich Preis, Menge und Laufzeit.<\/li>\n<li><strong>PPAs<\/strong> sind in der Regel langfristig und dauern meist 10 Jahre oder l\u00e4nger, was f\u00fcr den Produzenten von entscheidender Bedeutung ist, da dies die Finanzierung neuer Projekte f\u00fcr erneuerbare Energien erm\u00f6glicht.<\/li>\n<li>F\u00fcr den Verbraucher liegt der Hauptvorteil einer <strong>PPA<\/strong> in der Garantie der Preisstabilit\u00e4t f\u00fcr Energie, was oft zu einer Kostenreduzierung f\u00fchrt. Im Falle des Kaufs von Solarenergie k\u00f6nnen Verbraucher aufgrund der geringen Kosten dieser Technologie eine erhebliche. Kostenoptimierung erreichen. Dar\u00fcber hinaus bieten Solarkraftwerke eine geringe Volatilit\u00e4t und Vorhersehbarkeit der Produktionsvolumina.<\/li>\n<\/ul>\n<p>Ein weiterer wichtiger Vorteil einer <strong>PPA<\/strong> ist ihre Rolle bei der Erh\u00f6hung des Anteils erneuerbarer Energien im nationalen Energiemix, was zu einer nachhaltigeren und saubereren Energiezukunft beitr\u00e4gt.<\/p>\n<h3 class=\"green\">Arten von PPA<\/h3>\n<div>\n<p><strong class=\"green\">Off-site Physisches PPA<\/strong><\/p>\n<div style=\"text-align: center;\"><img decoding=\"async\" class=\"wp-image-11422 aligncenter\" src=\"https:\/\/rpower.energy\/app\/uploads\/2024\/03\/Rpower-schemat-3.jpg\" alt=\"\" \/><\/div>\n<ul class=\"list\" style=\"padding-top: 10px;\">\n<li>Diese Art von PPA kann entweder mit einem Endverbraucher abgeschlossen werden, der Strom f\u00fcr den Eigenbedarf erwirbt, oder mit einem Energieunternehmen, das im Stromhandel t\u00e4tig ist.\n<ul class=\"list\" style=\"padding-top: 10px;\">\n<li>Im ersten Fall profitiert der Endverbraucher direkt von der Energie, die durch die erneuerbare Energieanlage erzeugt wird.<\/li>\n<li>Im zweiten Fall fungiert das Handelsunternehmen als Vermittler, der Energie vom Produzenten kauft und sie an spezialisierte Unternehmenskunden weiterleitet.<\/li>\n<\/ul>\n<\/li>\n<\/ul>\n<p>Wenn der Energieproduzent die Energie \u00fcber das \u00f6ffentliche Stromnetz an den Verbraucher liefert, ist eine zus\u00e4tzliche Abrechnung \u00fcber Bilanzkreise sowohl f\u00fcr das Kraftwerk als auch f\u00fcr den Verbraucher erforderlich. Bilanzkreise sind operationelle Strukturen im Stromsystem, die dazu beitragen, die Produktion und den Verbrauch von Energie auszugleichen.<\/p>\n<p>Durch diesen Mechanismus:<\/p>\n<ul class=\"list\">\n<li>Das Kraftwerk (Erzeuger von erneuerbarer Energie) tritt einem Bilanzkreis bei, der f\u00fcr die Lieferung von Energie ins Netz verantwortlich ist.<\/li>\n<li>Der Energieverbraucher tritt seinem eigenen Bilanzkreis bei, der den Energieverbrauch aus dem Netz verwaltet.<\/li>\n<\/ul>\n<p>Dieses System erm\u00f6glicht ein effektives Management des Energieflusses, wobei etwaige Unterschiede zwischen dem prognostizierten und dem tats\u00e4chlichen Energieverbrauch und der Produktion auf der Ebene der Bilanzkreise abgerechnet werden.<\/p>\n<ul class=\"list\">\n<li>Basierend auf dem Off-site PPA zahlt der Verbraucher f\u00fcr die Energie und die vom Produzenten bereitgestellten Herkunftsnachweise.<\/li>\n<li>Zahlungen im Rahmen solcher PPA-Vereinbarungen werden als Preis multipliziert mit dem monatlich gelieferten Energievolumen berechnet.<\/li>\n<\/ul>\n<\/div>\n<div>\n<p><strong class=\"green\">Off-site Finanz-PPA (Virtuelles PPA)<\/strong><\/p>\n<div style=\"text-align: center;\"><img decoding=\"async\" class=\"wp-image-11429 aligncenter\" src=\"https:\/\/rpower.energy\/app\/uploads\/2024\/03\/Rpower-schemat-2.jpg\" alt=\"\" \/><\/div>\n<p>In diesem PPA-Modell, bekannt als <strong>vPPA<\/strong> (Virtual Power Purchase Agreement), gibt es keinen physischen Verkauf von Elektrizit\u00e4t zwischen dem Produzenten und dem Verbraucher. Es handelt sich um eine finanzielle Vereinbarung, die ausschlie\u00dflich auf der monet\u00e4ren Abrechnung der Differenz zwischen dem PPA-Energiepreis und dem Spotmarktpreis f\u00fcr einen bestimmten Tag oder eine bestimmte Stunde basiert.<\/p>\n<p>In diesem Modell:<\/p>\n<ul class=\"list\">\n<li>Der <strong>Energieproduzent<\/strong> verkauft Energie auf dem Markt, z. B. an ein Handelsunternehmen.<\/li>\n<li>Der <strong>Verbraucher<\/strong> kauft Energie auf dem Markt von einem frei gew\u00e4hlten Handelsunternehmen.<\/li>\n<li>Die finanzielle Abrechnung der Preisdifferenz sch\u00fctzt sowohl den Produzenten als auch den Verbraucher vor Schwankungen der Strommarktpreise.<\/li>\n<li>Der Produzent stellt dem Verbraucher Herkunftsnachweise f\u00fcr die Menge an erneuerbarer Energie zur Verf\u00fcgung, die der Preisdifferenzabrechnung unterliegt, und stellt sicher, dass das vPPA die Erzeugung dieser Energie an einer emissionsfreien Quelle (einer erneuerbaren Energieanlage, die somit diesem Verbraucher zugeordnet ist) unterst\u00fctzt.<\/li>\n<\/ul>\n<p>Die Abrechnung der Preisdifferenz bedeutet, dass, wenn der Marktpreis f\u00fcr Energie h\u00f6her ist als der im Vertrag vereinbarte Preis, der Produzent dem Verbraucher die Differenz zahlt, w\u00e4hrend bei einem niedrigeren Marktpreis der Verbraucher die Differenz an den Produzenten zahlt. Dieser Mechanismus dient als Schutz vor Energiemarktschwankungen.<\/p>\n<\/div>\n<div>\n<p><strong class=\"green\">On-site PPA<\/strong><\/p>\n<div style=\"text-align: center;\"><img decoding=\"async\" class=\"wp-image-11436 aligncenter\" src=\"https:\/\/rpower.energy\/app\/uploads\/2024\/03\/Rpower-schemat-1.jpg\" alt=\"\" \/><\/div>\n<ul class=\"list\" style=\"padding-top: 80px;\">\n<li>Der Verbraucher schlie\u00dft eine Vereinbarung mit einem Produzenten ab, der eine erneuerbare Energieanlage baut, die direkt an die Geb\u00e4ude des Verbrauchers angeschlossen ist.<\/li>\n<li>Der On-site PPA-Preis wird von beiden Vertragsparteien festgelegt.<\/li>\n<li>Energie, die im Rahmen eines On-site PPA verkauft wird, wird ohne Nutzung des Stromnetzes geliefert.<\/li>\n<\/ul>\n<\/div>\n<h3 class=\"green\">PPA-Volumen<\/h3>\n<div class=\"flex columns\">\n<div style=\"width: 50%;\">\n<ul class=\"list\">\n<li>R.Power verwendet die besten auf dem Markt verf\u00fcgbaren Photovoltaikmodule. Die aktuelle Technologie erfordert eine gesch\u00e4tzte j\u00e4hrliche Degradation der PV-Modul-Effizienz. Diese wird mit 0,4 % der j\u00e4hrlichen Produktion berechnet.<\/li>\n<li>Die <strong>Pay-as-produced<\/strong>-Formel bedeutet, dass der Verbraucher sich bereit erkl\u00e4rt, die gesamte j\u00e4hrliche Energieproduktion im Rahmen der PPA zu kaufen.<\/li>\n<li>Die Pay-as-produced-Formel erm\u00f6glicht es dem Verbraucher, Herkunftsnachweise in der Menge zu erhalten, die der produzierten Energie entspricht.<\/li>\n<li>Vor Abschluss einer PPA sollte der Verbraucher seinen eigenen Energiebedarf einsch\u00e4tzen. Unser Expertenteam unterst\u00fctzt Kunden bei diesen Berechnungen.<\/li>\n<\/ul>\n<\/div>\n<div style=\"width: 50%;\"><img decoding=\"async\" class=\"aligncenter wp-image-11462 size-full\" src=\"https:\/\/rpower.energy\/app\/uploads\/2025\/04\/Zasob-8.png\" alt=\"\" \/><\/div>\n<\/div>\n<h3 class=\"green\">Differenzkontrakt in Finanz-PPA<\/h3>\n<div class=\"flex columns\">\n<div style=\"width: 50%;\"><img decoding=\"async\" class=\"aligncenter wp-image-11469 size-full\" src=\"https:\/\/rpower.energy\/app\/uploads\/2025\/04\/Zasob-9.png\" alt=\"\" \/><\/div>\n<div style=\"width: 50%;\">\n<ul class=\"list\">\n<li>Gem\u00e4\u00df einer Finanz-PPA wird der Marktpreis (MP) monatlich f\u00fcr bestimmte Abrechnungszeitr\u00e4ume festgelegt.<\/li>\n<li>Wenn der MP in einem bestimmten Abrechnungszeitraum h\u00f6her ist als der PPA-Preis, zahlt der Energieproduzent dem Verbraucher die Preisdifferenz [SA+].<\/li>\n<li>Wenn der MP niedriger ist als der PPA-Preis, zahlt der Verbraucher dem Produzenten die Preisdifferenz [SA-].<\/li>\n<\/ul>\n<\/div>\n<\/div>\n","protected":false},"excerpt":{"rendered":"<p>Ein Power Purchase Agreement (PPA) ist ein Vertrag zwischen einem Stromerzeuger (Verk\u00e4ufer) und einem Energieverbraucher (K\u00e4ufer). Der Vertrag definiert die Bedingungen f\u00fcr den Kauf von Energie aus erneuerbaren Quellen, einschlie\u00dflich Preis, Menge und Laufzeit. PPAs sind in der Regel langfristig und dauern meist 10 Jahre oder l\u00e4nger, was f\u00fcr den Produzenten von entscheidender Bedeutung ist, &hellip; <a href=\"https:\/\/rpower.energy\/de\/ppa\/ueber-ppas\/\">Continued<\/a><\/p>\n","protected":false},"author":10,"featured_media":0,"parent":11303,"menu_order":0,"comment_status":"closed","ping_status":"closed","template":"views\/template-ppa.blade.php","meta":{"_acf_changed":false,"footnotes":""},"class_list":["post-11312","page","type-page","status-publish","hentry"],"acf":[],"yoast_head":"<!-- This site is optimized with the Yoast SEO plugin v27.3 - https:\/\/yoast.com\/product\/yoast-seo-wordpress\/ -->\n<title>\u00dcber PPAs - R.Power Renewables<\/title>\n<meta name=\"robots\" content=\"index, follow, max-snippet:-1, max-image-preview:large, max-video-preview:-1\" \/>\n<link rel=\"canonical\" href=\"https:\/\/rpower.energy\/de\/ppa\/ueber-ppas\/\" \/>\n<meta property=\"og:locale\" content=\"de_DE\" \/>\n<meta property=\"og:type\" content=\"article\" \/>\n<meta property=\"og:title\" content=\"\u00dcber PPAs - R.Power Renewables\" \/>\n<meta property=\"og:description\" content=\"Ein Power Purchase Agreement (PPA) ist ein Vertrag zwischen einem Stromerzeuger (Verk\u00e4ufer) und einem Energieverbraucher (K\u00e4ufer). Der Vertrag definiert die Bedingungen f\u00fcr den Kauf von Energie aus erneuerbaren Quellen, einschlie\u00dflich Preis, Menge und Laufzeit. PPAs sind in der Regel langfristig und dauern meist 10 Jahre oder l\u00e4nger, was f\u00fcr den Produzenten von entscheidender Bedeutung ist, &hellip; Continued\" \/>\n<meta property=\"og:url\" content=\"https:\/\/rpower.energy\/de\/ppa\/ueber-ppas\/\" \/>\n<meta property=\"og:site_name\" content=\"R.Power Renewables\" \/>\n<meta property=\"article:modified_time\" content=\"2025-04-22T10:32:52+00:00\" \/>\n<meta property=\"og:image\" content=\"https:\/\/rpower.energy\/app\/uploads\/2024\/03\/Rpower-schemat-3.jpg\" \/>\n<meta name=\"twitter:card\" content=\"summary_large_image\" \/>\n<meta name=\"twitter:label1\" content=\"Est. reading time\" \/>\n\t<meta name=\"twitter:data1\" content=\"6 minutes\" \/>\n<script type=\"application\/ld+json\" class=\"yoast-schema-graph\">{\"@context\":\"https:\\\/\\\/schema.org\",\"@graph\":[{\"@type\":\"WebPage\",\"@id\":\"https:\\\/\\\/rpower.energy\\\/de\\\/ppa\\\/ueber-ppas\\\/\",\"url\":\"https:\\\/\\\/rpower.energy\\\/de\\\/ppa\\\/ueber-ppas\\\/\",\"name\":\"\u00dcber PPAs - R.Power Renewables\",\"isPartOf\":{\"@id\":\"https:\\\/\\\/rpower.energy\\\/de\\\/#website\"},\"primaryImageOfPage\":{\"@id\":\"https:\\\/\\\/rpower.energy\\\/de\\\/ppa\\\/ueber-ppas\\\/#primaryimage\"},\"image\":{\"@id\":\"https:\\\/\\\/rpower.energy\\\/de\\\/ppa\\\/ueber-ppas\\\/#primaryimage\"},\"thumbnailUrl\":\"https:\\\/\\\/rpower.energy\\\/app\\\/uploads\\\/2024\\\/03\\\/Rpower-schemat-3.jpg\",\"datePublished\":\"2024-03-15T11:54:25+00:00\",\"dateModified\":\"2025-04-22T10:32:52+00:00\",\"breadcrumb\":{\"@id\":\"https:\\\/\\\/rpower.energy\\\/de\\\/ppa\\\/ueber-ppas\\\/#breadcrumb\"},\"inLanguage\":\"de-DE\",\"potentialAction\":[{\"@type\":\"ReadAction\",\"target\":[\"https:\\\/\\\/rpower.energy\\\/de\\\/ppa\\\/ueber-ppas\\\/\"]}]},{\"@type\":\"ImageObject\",\"inLanguage\":\"de-DE\",\"@id\":\"https:\\\/\\\/rpower.energy\\\/de\\\/ppa\\\/ueber-ppas\\\/#primaryimage\",\"url\":\"https:\\\/\\\/rpower.energy\\\/app\\\/uploads\\\/2024\\\/03\\\/Rpower-schemat-3.jpg\",\"contentUrl\":\"https:\\\/\\\/rpower.energy\\\/app\\\/uploads\\\/2024\\\/03\\\/Rpower-schemat-3.jpg\"},{\"@type\":\"BreadcrumbList\",\"@id\":\"https:\\\/\\\/rpower.energy\\\/de\\\/ppa\\\/ueber-ppas\\\/#breadcrumb\",\"itemListElement\":[{\"@type\":\"ListItem\",\"position\":1,\"name\":\"Home\",\"item\":\"https:\\\/\\\/rpower.energy\\\/de\\\/\"},{\"@type\":\"ListItem\",\"position\":2,\"name\":\"PPA\",\"item\":\"https:\\\/\\\/rpower.energy\\\/de\\\/ppa\\\/\"},{\"@type\":\"ListItem\",\"position\":3,\"name\":\"\u00dcber PPAs\"}]},{\"@type\":\"WebSite\",\"@id\":\"https:\\\/\\\/rpower.energy\\\/de\\\/#website\",\"url\":\"https:\\\/\\\/rpower.energy\\\/de\\\/\",\"name\":\"R.Power Renewables\",\"description\":\"The future of energy today.\",\"publisher\":{\"@id\":\"https:\\\/\\\/rpower.energy\\\/de\\\/#organization\"},\"potentialAction\":[{\"@type\":\"SearchAction\",\"target\":{\"@type\":\"EntryPoint\",\"urlTemplate\":\"https:\\\/\\\/rpower.energy\\\/de\\\/?s={search_term_string}\"},\"query-input\":{\"@type\":\"PropertyValueSpecification\",\"valueRequired\":true,\"valueName\":\"search_term_string\"}}],\"inLanguage\":\"de-DE\"},{\"@type\":\"Organization\",\"@id\":\"https:\\\/\\\/rpower.energy\\\/de\\\/#organization\",\"name\":\"R.Power Renewables\",\"url\":\"https:\\\/\\\/rpower.energy\\\/de\\\/\",\"logo\":{\"@type\":\"ImageObject\",\"inLanguage\":\"de-DE\",\"@id\":\"https:\\\/\\\/rpower.energy\\\/de\\\/#\\\/schema\\\/logo\\\/image\\\/\",\"url\":\"https:\\\/\\\/rpower.energy\\\/app\\\/uploads\\\/2021\\\/04\\\/favicon.png\",\"contentUrl\":\"https:\\\/\\\/rpower.energy\\\/app\\\/uploads\\\/2021\\\/04\\\/favicon.png\",\"width\":512,\"height\":512,\"caption\":\"R.Power Renewables\"},\"image\":{\"@id\":\"https:\\\/\\\/rpower.energy\\\/de\\\/#\\\/schema\\\/logo\\\/image\\\/\"},\"sameAs\":[\"https:\\\/\\\/pl.linkedin.com\\\/company\\\/r-power-polska\"]}]}<\/script>\n<!-- \/ Yoast SEO plugin. -->","yoast_head_json":{"title":"\u00dcber PPAs - R.Power Renewables","robots":{"index":"index","follow":"follow","max-snippet":"max-snippet:-1","max-image-preview":"max-image-preview:large","max-video-preview":"max-video-preview:-1"},"canonical":"https:\/\/rpower.energy\/de\/ppa\/ueber-ppas\/","og_locale":"de_DE","og_type":"article","og_title":"\u00dcber PPAs - R.Power Renewables","og_description":"Ein Power Purchase Agreement (PPA) ist ein Vertrag zwischen einem Stromerzeuger (Verk\u00e4ufer) und einem Energieverbraucher (K\u00e4ufer). Der Vertrag definiert die Bedingungen f\u00fcr den Kauf von Energie aus erneuerbaren Quellen, einschlie\u00dflich Preis, Menge und Laufzeit. PPAs sind in der Regel langfristig und dauern meist 10 Jahre oder l\u00e4nger, was f\u00fcr den Produzenten von entscheidender Bedeutung ist, &hellip; Continued","og_url":"https:\/\/rpower.energy\/de\/ppa\/ueber-ppas\/","og_site_name":"R.Power Renewables","article_modified_time":"2025-04-22T10:32:52+00:00","og_image":[{"url":"https:\/\/rpower.energy\/app\/uploads\/2024\/03\/Rpower-schemat-3.jpg","type":"","width":"","height":""}],"twitter_card":"summary_large_image","twitter_misc":{"Est. reading time":"6 minutes"},"schema":{"@context":"https:\/\/schema.org","@graph":[{"@type":"WebPage","@id":"https:\/\/rpower.energy\/de\/ppa\/ueber-ppas\/","url":"https:\/\/rpower.energy\/de\/ppa\/ueber-ppas\/","name":"\u00dcber PPAs - R.Power Renewables","isPartOf":{"@id":"https:\/\/rpower.energy\/de\/#website"},"primaryImageOfPage":{"@id":"https:\/\/rpower.energy\/de\/ppa\/ueber-ppas\/#primaryimage"},"image":{"@id":"https:\/\/rpower.energy\/de\/ppa\/ueber-ppas\/#primaryimage"},"thumbnailUrl":"https:\/\/rpower.energy\/app\/uploads\/2024\/03\/Rpower-schemat-3.jpg","datePublished":"2024-03-15T11:54:25+00:00","dateModified":"2025-04-22T10:32:52+00:00","breadcrumb":{"@id":"https:\/\/rpower.energy\/de\/ppa\/ueber-ppas\/#breadcrumb"},"inLanguage":"de-DE","potentialAction":[{"@type":"ReadAction","target":["https:\/\/rpower.energy\/de\/ppa\/ueber-ppas\/"]}]},{"@type":"ImageObject","inLanguage":"de-DE","@id":"https:\/\/rpower.energy\/de\/ppa\/ueber-ppas\/#primaryimage","url":"https:\/\/rpower.energy\/app\/uploads\/2024\/03\/Rpower-schemat-3.jpg","contentUrl":"https:\/\/rpower.energy\/app\/uploads\/2024\/03\/Rpower-schemat-3.jpg"},{"@type":"BreadcrumbList","@id":"https:\/\/rpower.energy\/de\/ppa\/ueber-ppas\/#breadcrumb","itemListElement":[{"@type":"ListItem","position":1,"name":"Home","item":"https:\/\/rpower.energy\/de\/"},{"@type":"ListItem","position":2,"name":"PPA","item":"https:\/\/rpower.energy\/de\/ppa\/"},{"@type":"ListItem","position":3,"name":"\u00dcber PPAs"}]},{"@type":"WebSite","@id":"https:\/\/rpower.energy\/de\/#website","url":"https:\/\/rpower.energy\/de\/","name":"R.Power Renewables","description":"The future of energy today.","publisher":{"@id":"https:\/\/rpower.energy\/de\/#organization"},"potentialAction":[{"@type":"SearchAction","target":{"@type":"EntryPoint","urlTemplate":"https:\/\/rpower.energy\/de\/?s={search_term_string}"},"query-input":{"@type":"PropertyValueSpecification","valueRequired":true,"valueName":"search_term_string"}}],"inLanguage":"de-DE"},{"@type":"Organization","@id":"https:\/\/rpower.energy\/de\/#organization","name":"R.Power Renewables","url":"https:\/\/rpower.energy\/de\/","logo":{"@type":"ImageObject","inLanguage":"de-DE","@id":"https:\/\/rpower.energy\/de\/#\/schema\/logo\/image\/","url":"https:\/\/rpower.energy\/app\/uploads\/2021\/04\/favicon.png","contentUrl":"https:\/\/rpower.energy\/app\/uploads\/2021\/04\/favicon.png","width":512,"height":512,"caption":"R.Power Renewables"},"image":{"@id":"https:\/\/rpower.energy\/de\/#\/schema\/logo\/image\/"},"sameAs":["https:\/\/pl.linkedin.com\/company\/r-power-polska"]}]}},"_links":{"self":[{"href":"https:\/\/rpower.energy\/de\/wp-json\/wp\/v2\/pages\/11312","targetHints":{"allow":["GET"]}}],"collection":[{"href":"https:\/\/rpower.energy\/de\/wp-json\/wp\/v2\/pages"}],"about":[{"href":"https:\/\/rpower.energy\/de\/wp-json\/wp\/v2\/types\/page"}],"author":[{"embeddable":true,"href":"https:\/\/rpower.energy\/de\/wp-json\/wp\/v2\/users\/10"}],"replies":[{"embeddable":true,"href":"https:\/\/rpower.energy\/de\/wp-json\/wp\/v2\/comments?post=11312"}],"version-history":[{"count":7,"href":"https:\/\/rpower.energy\/de\/wp-json\/wp\/v2\/pages\/11312\/revisions"}],"predecessor-version":[{"id":13284,"href":"https:\/\/rpower.energy\/de\/wp-json\/wp\/v2\/pages\/11312\/revisions\/13284"}],"up":[{"embeddable":true,"href":"https:\/\/rpower.energy\/de\/wp-json\/wp\/v2\/pages\/11303"}],"wp:attachment":[{"href":"https:\/\/rpower.energy\/de\/wp-json\/wp\/v2\/media?parent=11312"}],"curies":[{"name":"wp","href":"https:\/\/api.w.org\/{rel}","templated":true}]}}